{"id":1872,"date":"2024-02-24T15:24:00","date_gmt":"2024-02-24T14:24:00","guid":{"rendered":"https:\/\/jn.proklik.pl\/?page_id=1872"},"modified":"2026-03-13T07:57:34","modified_gmt":"2026-03-13T06:57:34","slug":"symulacje","status":"publish","type":"page","link":"https:\/\/jureknawrocki.com\/en\/projekty\/symulacje\/","title":{"rendered":"FEM simullations"},"content":{"rendered":"<p>[et_pb_section fb_built=&#8221;1&#8243; admin_label=&#8221;Header&#8221; _builder_version=&#8221;4.22.0&#8243; _module_preset=&#8221;default&#8221; overflow-x=&#8221;hidden&#8221; overflow-y=&#8221;hidden&#8221; collapsed=&#8221;on&#8221; global_colors_info=&#8221;{}&#8221;][et_pb_row _builder_version=&#8221;4.24.0&#8243; _module_preset=&#8221;default&#8221; max_width=&#8221;1800px&#8221; global_colors_info=&#8221;{}&#8221;][et_pb_column type=&#8221;4_4&#8243; _builder_version=&#8221;4.22.0&#8243; _module_preset=&#8221;default&#8221; global_colors_info=&#8221;{}&#8221;][et_pb_text _builder_version=&#8221;4.24.2&#8243; _module_preset=&#8221;d0f6cbbd-bccb-4e42-9e3d-1cdb99813f80&#8243; global_colors_info=&#8221;{}&#8221;]<\/p>\n<h1>Symulacje<\/h1>\n<p>[\/et_pb_text][et_pb_button button_url=&#8221;\/kontak&#8221; button_text=&#8221;Napisz do mnie&#8221; _builder_version=&#8221;4.24.2&#8243; _module_preset=&#8221;fe2d0f4d-1c63-42a1-be72-f5a8fb62d51c&#8221; global_colors_info=&#8221;{}&#8221;][\/et_pb_button][\/et_pb_column][\/et_pb_row][\/et_pb_section][et_pb_section fb_built=&#8221;1&#8243; admin_label=&#8221;Feature&#8221; _builder_version=&#8221;4.24.0&#8243; _module_preset=&#8221;default&#8221; background_color=&#8221;gcid-a93f2103-1d8b-43bb-b21d-81d84bba8b15&#8243; use_background_color_gradient=&#8221;on&#8221; background_color_gradient_stops=&#8221;#f2f0eb 0%|#ffffff 100%&#8221; custom_padding=&#8221;0px|||||&#8221; locked=&#8221;off&#8221; global_colors_info=&#8221;{%22gcid-a93f2103-1d8b-43bb-b21d-81d84bba8b15%22:%91%22background_color%22%93}&#8221;][et_pb_row make_equal=&#8221;on&#8221; _builder_version=&#8221;4.24.2&#8243; _module_preset=&#8221;default&#8221; max_width=&#8221;1800px&#8221; locked=&#8221;off&#8221; global_colors_info=&#8221;{}&#8221;][et_pb_column type=&#8221;4_4&#8243; _builder_version=&#8221;4.24.0&#8243; _module_preset=&#8221;default&#8221; custom_padding=&#8221;30px|30px|30px|30px|true|true&#8221; border_radii=&#8221;on|30px|30px|30px|30px&#8221; border_width_all=&#8221;2px&#8221; border_color_all=&#8221;rgba(0,0,0,0.12)&#8221; global_colors_info=&#8221;{}&#8221;][et_pb_text _builder_version=&#8221;4.24.2&#8243; _module_preset=&#8221;524d69df-eac7-4213-83c5-136c4d52fb6c&#8221; global_colors_info=&#8221;{}&#8221;]<\/p>\n<p>13. Symulacja CFD\/Thermal\/Mechanical przyczyn p\u0119kni\u0119cia wanny cynkowniczej w D\u0119bskiej Woli. 2026<\/p>\n<p>12. Symulacja CFD projektu wyrzutni \u015bciennych dla systemu wentylacji 100 000 m3\/h dla budynku Metropolitan w Warszawie. 2026<\/p>\n<p>11. Symulacja przyczyn awarii kompensatora mieszkowego DN 4000 na wymienniku paraxlyneu w PKN Orlen. 2021<\/p>\n<p>10. Symulacja CFD pracy stropu laminarnego i\u00a0instalacji nawiewnej i\u00a0wyci\u0105gowej w\u00a0sali operacyjnej dla inwestycji: modernizacja poprzez rozbudow\u0119 bloku operacyjnego wielospecjalistycznego szpitala samodzielnego publicznego zak\u0142adu opieki zdrowotnej w\u00a0Nowej Soli. 2021<\/p>\n<p>9. Symulacja odkszta\u0142cenia po\u00a0rozerwaniu p\u0142aszcza zbiornika magazynowego 715 m3 dla Sk ie technology. 2021<\/p>\n<p>8. Symulacja rozk\u0142adu napr\u0119\u017ce\u0144 i\u00a0odkszta\u0142ce\u0144 w\u00a0obszarze spoin po\u00a0procesie naprawy ruroci\u0105gu dmuchu rezerwowego od\u00a0kolektora a\u00a0do\u00a0odci\u0119\u0107 66, 67, 68 w\u00a0Tameh D\u0105browa G\u00f3rnicza. 2020<\/p>\n<p>7. Symulacja do\u00a0cel\u00f3w ekspertyzy dotycz\u0105ca budowy gazoci\u0105gu DN 500 MOP 5,5 MPa w\u00a0ramach realizacji zadania: \u201eModernizacja gazoci\u0105gu O\u015bwi\u0119cim \u2013 Szopienice\u201d, w\u00a0mie\u015bcie Che\u0142m \u015al\u0105ski \u2013 wykonanie tarczowego bloku oporowego w\u00a0\u015bwietle normy BN \u2013 71 8976 \u2013 48. 2020<\/p>\n<p>6. Symulacja do\u00a0cel\u00f3w ekspertyzy okre\u015blaj\u0105ca przyczyn\u0119 zaistnia\u0142ej w\u00a0dniu 15.06. 2019r. awarii na\u00a0gazoci\u0105gu DN 1000 MOP 8,4 MPa relacji t\u0142ocznia W\u0142oc\u0142awek \u2013 Wrg II\u00a0Gustorzyn w\u00a0miejscowo\u015bci Mikanowo. 2020<\/p>\n<p>5. Symulacja do\u00a0cel\u00f3w ekspertyzy wykonanego z\u0142\u0105cza spawanego nr\u00a0G 42\/16 \u2013 42W4\/1 wraz z\u00a0obliczeniami w\u00a0warunkach eksploatacyjnych dla IDS \u2013 BUD S.A. 2020<\/p>\n<p>4. Symulacja do\u00a0cel\u00f3w ekspertyzy wykonanego z\u0142\u0105cza spawanego nr\u00a025\/22 \u2013 25W1\/4 wraz z\u00a0obliczeniami w\u00a0warunkach eksploatacyjnych dla IDS \u2013 BUD S.A. 2020<\/p>\n<p>3. Ekspertyza symulacyjna MES spoiny nr\u00a0G 42\/16 \u2013 42W4\/1 na\u00a0gazoci\u0105gu DN 1000 na\u00a0odcinku II: Zdzieszowice \u2013 Brzeg. 2020<\/p>\n<p>2. Ekspertyza symulacyjna MES spoiny nr\u00a025\/22 \u2013 25W1\/4 na\u00a0gazoci\u0105gu DN 1000 na\u00a0odcinku II: Zdzieszowice \u2013 Brzeg. 2019<\/p>\n<p>1. Ekspertyza symulacyjna MES owalizacji \u0142uku na\u00a0gazoci\u0105gu DN 1000 na\u00a0odcinku II: Zdzieszowice \u2013 Brzeg. 2019<\/p>\n<p>[\/et_pb_text][\/et_pb_column][\/et_pb_row][\/et_pb_section]<\/p>\n","protected":false},"excerpt":{"rendered":"<p>Symulacje13. Symulacja CFD\/Thermal\/Mechanical przyczyn p\u0119kni\u0119cia wanny cynkowniczej w D\u0119bskiej Woli. 2026 12. Symulacja CFD projektu wyrzutni \u015bciennych dla systemu wentylacji 100 000 m3\/h dla budynku Metropolitan w Warszawie. 2026 11. Symulacja przyczyn awarii kompensatora mieszkowego DN 4000 na wymienniku paraxlyneu w PKN Orlen. 2021 10. Symulacja CFD pracy stropu laminarnego i\u00a0instalacji nawiewnej i\u00a0wyci\u0105gowej w\u00a0sali operacyjnej [&hellip;]<\/p>\n","protected":false},"author":2,"featured_media":0,"parent":179,"menu_order":0,"comment_status":"closed","ping_status":"closed","template":"","meta":{"_et_pb_use_builder":"on","_et_pb_old_content":"","_et_gb_content_width":"","footnotes":""},"class_list":["post-1872","page","type-page","status-publish","hentry"],"yoast_head":"<!-- This site is optimized with the Yoast SEO plugin v27.6 - https:\/\/yoast.com\/product\/yoast-seo-wordpress\/ -->\n<title>Symulacje - Jerzy Nawrocki<\/title>\n<meta name=\"robots\" content=\"index, follow, max-snippet:-1, max-image-preview:large, max-video-preview:-1\" \/>\n<link rel=\"canonical\" href=\"https:\/\/jureknawrocki.com\/en\/projekty\/symulacje\/\" \/>\n<meta property=\"og:locale\" content=\"en_GB\" \/>\n<meta property=\"og:type\" content=\"article\" \/>\n<meta property=\"og:title\" content=\"Symulacje - Jerzy Nawrocki\" \/>\n<meta property=\"og:description\" content=\"Symulacje13. Symulacja CFD\/Thermal\/Mechanical przyczyn p\u0119kni\u0119cia wanny cynkowniczej w D\u0119bskiej Woli. 2026 12. Symulacja CFD projektu wyrzutni \u015bciennych dla systemu wentylacji 100 000 m3\/h dla budynku Metropolitan w Warszawie. 2026 11. Symulacja przyczyn awarii kompensatora mieszkowego DN 4000 na wymienniku paraxlyneu w PKN Orlen. 2021 10. Symulacja CFD pracy stropu laminarnego i\u00a0instalacji nawiewnej i\u00a0wyci\u0105gowej w\u00a0sali operacyjnej [&hellip;]\" \/>\n<meta property=\"og:url\" content=\"https:\/\/jureknawrocki.com\/en\/projekty\/symulacje\/\" \/>\n<meta property=\"og:site_name\" content=\"Jerzy Nawrocki\" \/>\n<meta property=\"article:modified_time\" content=\"2026-03-13T06:57:34+00:00\" \/>\n<meta name=\"twitter:card\" content=\"summary_large_image\" \/>\n<meta name=\"twitter:label1\" content=\"Estimated reading time\" \/>\n\t<meta name=\"twitter:data1\" content=\"3 minutes\" \/>\n<script type=\"application\/ld+json\" class=\"yoast-schema-graph\">{\"@context\":\"https:\\\/\\\/schema.org\",\"@graph\":[{\"@type\":\"WebPage\",\"@id\":\"https:\\\/\\\/jureknawrocki.com\\\/projekty\\\/symulacje\\\/\",\"url\":\"https:\\\/\\\/jureknawrocki.com\\\/projekty\\\/symulacje\\\/\",\"name\":\"Symulacje - Jerzy Nawrocki\",\"isPartOf\":{\"@id\":\"https:\\\/\\\/jureknawrocki.com\\\/#website\"},\"datePublished\":\"2024-02-24T14:24:00+00:00\",\"dateModified\":\"2026-03-13T06:57:34+00:00\",\"breadcrumb\":{\"@id\":\"https:\\\/\\\/jureknawrocki.com\\\/projekty\\\/symulacje\\\/#breadcrumb\"},\"inLanguage\":\"en-GB\",\"potentialAction\":[{\"@type\":\"ReadAction\",\"target\":[\"https:\\\/\\\/jureknawrocki.com\\\/projekty\\\/symulacje\\\/\"]}]},{\"@type\":\"BreadcrumbList\",\"@id\":\"https:\\\/\\\/jureknawrocki.com\\\/projekty\\\/symulacje\\\/#breadcrumb\",\"itemListElement\":[{\"@type\":\"ListItem\",\"position\":1,\"name\":\"Home\",\"item\":\"https:\\\/\\\/jureknawrocki.com\\\/\"},{\"@type\":\"ListItem\",\"position\":2,\"name\":\"Projekty\",\"item\":\"https:\\\/\\\/jureknawrocki.com\\\/projekty\\\/\"},{\"@type\":\"ListItem\",\"position\":3,\"name\":\"Symulacje\"}]},{\"@type\":\"WebSite\",\"@id\":\"https:\\\/\\\/jureknawrocki.com\\\/#website\",\"url\":\"https:\\\/\\\/jureknawrocki.com\\\/\",\"name\":\"Jerzy Nawrocki\",\"description\":\"dr in\u017c., Rzeczoznawca Izby In\u017cynier\u00f3w, SIMP, NOT || Ruroci\u0105gi i aparaty ci\u015bnieniowe || Uprawnienia budowalne HVAC i Gaz || Spawalnictwo IWE&amp;I || Certyfikat LE w\\\/g EN 13313-Ch\u0142odnictwo i Pompy ciep\u0142a\",\"publisher\":{\"@id\":\"https:\\\/\\\/jureknawrocki.com\\\/#organization\"},\"potentialAction\":[{\"@type\":\"SearchAction\",\"target\":{\"@type\":\"EntryPoint\",\"urlTemplate\":\"https:\\\/\\\/jureknawrocki.com\\\/?s={search_term_string}\"},\"query-input\":{\"@type\":\"PropertyValueSpecification\",\"valueRequired\":true,\"valueName\":\"search_term_string\"}}],\"inLanguage\":\"en-GB\"},{\"@type\":\"Organization\",\"@id\":\"https:\\\/\\\/jureknawrocki.com\\\/#organization\",\"name\":\"Jerzy Nawrocki\",\"url\":\"https:\\\/\\\/jureknawrocki.com\\\/\",\"logo\":{\"@type\":\"ImageObject\",\"inLanguage\":\"en-GB\",\"@id\":\"https:\\\/\\\/jureknawrocki.com\\\/#\\\/schema\\\/logo\\\/image\\\/\",\"url\":\"https:\\\/\\\/jureknawrocki.com\\\/wp-content\\\/uploads\\\/Jerzy-Nawrocki-favicon.webp\",\"contentUrl\":\"https:\\\/\\\/jureknawrocki.com\\\/wp-content\\\/uploads\\\/Jerzy-Nawrocki-favicon.webp\",\"width\":210,\"height\":211,\"caption\":\"Jerzy Nawrocki\"},\"image\":{\"@id\":\"https:\\\/\\\/jureknawrocki.com\\\/#\\\/schema\\\/logo\\\/image\\\/\"},\"sameAs\":[\"https:\\\/\\\/www.linkedin.com\\\/in\\\/jerzy-nawrocki-a41259105\\\/?locale=pl_PL\"]}]}<\/script>\n<!-- \/ Yoast SEO plugin. -->","yoast_head_json":{"title":"Symulacje - Jerzy Nawrocki","robots":{"index":"index","follow":"follow","max-snippet":"max-snippet:-1","max-image-preview":"max-image-preview:large","max-video-preview":"max-video-preview:-1"},"canonical":"https:\/\/jureknawrocki.com\/en\/projekty\/symulacje\/","og_locale":"en_GB","og_type":"article","og_title":"Symulacje - Jerzy Nawrocki","og_description":"Symulacje13. Symulacja CFD\/Thermal\/Mechanical przyczyn p\u0119kni\u0119cia wanny cynkowniczej w D\u0119bskiej Woli. 2026 12. Symulacja CFD projektu wyrzutni \u015bciennych dla systemu wentylacji 100 000 m3\/h dla budynku Metropolitan w Warszawie. 2026 11. Symulacja przyczyn awarii kompensatora mieszkowego DN 4000 na wymienniku paraxlyneu w PKN Orlen. 2021 10. Symulacja CFD pracy stropu laminarnego i\u00a0instalacji nawiewnej i\u00a0wyci\u0105gowej w\u00a0sali operacyjnej [&hellip;]","og_url":"https:\/\/jureknawrocki.com\/en\/projekty\/symulacje\/","og_site_name":"Jerzy Nawrocki","article_modified_time":"2026-03-13T06:57:34+00:00","twitter_card":"summary_large_image","twitter_misc":{"Estimated reading time":"3 minutes"},"schema":{"@context":"https:\/\/schema.org","@graph":[{"@type":"WebPage","@id":"https:\/\/jureknawrocki.com\/projekty\/symulacje\/","url":"https:\/\/jureknawrocki.com\/projekty\/symulacje\/","name":"Symulacje - Jerzy Nawrocki","isPartOf":{"@id":"https:\/\/jureknawrocki.com\/#website"},"datePublished":"2024-02-24T14:24:00+00:00","dateModified":"2026-03-13T06:57:34+00:00","breadcrumb":{"@id":"https:\/\/jureknawrocki.com\/projekty\/symulacje\/#breadcrumb"},"inLanguage":"en-GB","potentialAction":[{"@type":"ReadAction","target":["https:\/\/jureknawrocki.com\/projekty\/symulacje\/"]}]},{"@type":"BreadcrumbList","@id":"https:\/\/jureknawrocki.com\/projekty\/symulacje\/#breadcrumb","itemListElement":[{"@type":"ListItem","position":1,"name":"Home","item":"https:\/\/jureknawrocki.com\/"},{"@type":"ListItem","position":2,"name":"Projekty","item":"https:\/\/jureknawrocki.com\/projekty\/"},{"@type":"ListItem","position":3,"name":"Symulacje"}]},{"@type":"WebSite","@id":"https:\/\/jureknawrocki.com\/#website","url":"https:\/\/jureknawrocki.com\/","name":"Jerzy Nawrocki","description":"dr in\u017c., Rzeczoznawca Izby In\u017cynier\u00f3w, SIMP, NOT || Ruroci\u0105gi i aparaty ci\u015bnieniowe || Uprawnienia budowalne HVAC i Gaz || Spawalnictwo IWE&amp;I || Certyfikat LE w\/g EN 13313-Ch\u0142odnictwo i Pompy ciep\u0142a","publisher":{"@id":"https:\/\/jureknawrocki.com\/#organization"},"potentialAction":[{"@type":"SearchAction","target":{"@type":"EntryPoint","urlTemplate":"https:\/\/jureknawrocki.com\/?s={search_term_string}"},"query-input":{"@type":"PropertyValueSpecification","valueRequired":true,"valueName":"search_term_string"}}],"inLanguage":"en-GB"},{"@type":"Organization","@id":"https:\/\/jureknawrocki.com\/#organization","name":"Jerzy Nawrocki","url":"https:\/\/jureknawrocki.com\/","logo":{"@type":"ImageObject","inLanguage":"en-GB","@id":"https:\/\/jureknawrocki.com\/#\/schema\/logo\/image\/","url":"https:\/\/jureknawrocki.com\/wp-content\/uploads\/Jerzy-Nawrocki-favicon.webp","contentUrl":"https:\/\/jureknawrocki.com\/wp-content\/uploads\/Jerzy-Nawrocki-favicon.webp","width":210,"height":211,"caption":"Jerzy Nawrocki"},"image":{"@id":"https:\/\/jureknawrocki.com\/#\/schema\/logo\/image\/"},"sameAs":["https:\/\/www.linkedin.com\/in\/jerzy-nawrocki-a41259105\/?locale=pl_PL"]}]}},"_links":{"self":[{"href":"https:\/\/jureknawrocki.com\/en\/wp-json\/wp\/v2\/pages\/1872","targetHints":{"allow":["GET"]}}],"collection":[{"href":"https:\/\/jureknawrocki.com\/en\/wp-json\/wp\/v2\/pages"}],"about":[{"href":"https:\/\/jureknawrocki.com\/en\/wp-json\/wp\/v2\/types\/page"}],"author":[{"embeddable":true,"href":"https:\/\/jureknawrocki.com\/en\/wp-json\/wp\/v2\/users\/2"}],"replies":[{"embeddable":true,"href":"https:\/\/jureknawrocki.com\/en\/wp-json\/wp\/v2\/comments?post=1872"}],"version-history":[{"count":4,"href":"https:\/\/jureknawrocki.com\/en\/wp-json\/wp\/v2\/pages\/1872\/revisions"}],"predecessor-version":[{"id":3411,"href":"https:\/\/jureknawrocki.com\/en\/wp-json\/wp\/v2\/pages\/1872\/revisions\/3411"}],"up":[{"embeddable":true,"href":"https:\/\/jureknawrocki.com\/en\/wp-json\/wp\/v2\/pages\/179"}],"wp:attachment":[{"href":"https:\/\/jureknawrocki.com\/en\/wp-json\/wp\/v2\/media?parent=1872"}],"curies":[{"name":"wp","href":"https:\/\/api.w.org\/{rel}","templated":true}]}}