{"id":1880,"date":"2024-02-24T15:27:51","date_gmt":"2024-02-24T14:27:51","guid":{"rendered":"https:\/\/jn.proklik.pl\/?page_id=1880"},"modified":"2026-03-16T07:38:36","modified_gmt":"2026-03-16T06:38:36","slug":"ekspertyzy-techniczne","status":"publish","type":"page","link":"https:\/\/jureknawrocki.com\/en\/projekty\/ekspertyzy-techniczne\/","title":{"rendered":"Technical expertise"},"content":{"rendered":"<p>[et_pb_section fb_built=&#8221;1&#8243; admin_label=&#8221;Header&#8221; _builder_version=&#8221;4.22.0&#8243; _module_preset=&#8221;default&#8221; overflow-x=&#8221;hidden&#8221; overflow-y=&#8221;hidden&#8221; collapsed=&#8221;on&#8221; global_colors_info=&#8221;{}&#8221;][et_pb_row _builder_version=&#8221;4.24.0&#8243; _module_preset=&#8221;default&#8221; max_width=&#8221;1800px&#8221; global_colors_info=&#8221;{}&#8221;][et_pb_column type=&#8221;4_4&#8243; _builder_version=&#8221;4.22.0&#8243; _module_preset=&#8221;default&#8221; global_colors_info=&#8221;{}&#8221;][et_pb_text _builder_version=&#8221;4.24.2&#8243; _module_preset=&#8221;d0f6cbbd-bccb-4e42-9e3d-1cdb99813f80&#8243; global_colors_info=&#8221;{}&#8221;]<\/p>\n<h1>Ekspertyzy techniczne<\/h1>\n<p>[\/et_pb_text][et_pb_button button_url=&#8221;\/kontak&#8221; button_text=&#8221;Napisz do\u00a0mnie&#8221; _builder_version=&#8221;4.24.2&#8243; _module_preset=&#8221;fe2d0f4d-1c63-42a1-be72-f5a8fb62d51c&#8221; global_colors_info=&#8221;{}&#8221;][\/et_pb_button][\/et_pb_column][\/et_pb_row][\/et_pb_section][et_pb_section fb_built=&#8221;1&#8243; admin_label=&#8221;Feature&#8221; _builder_version=&#8221;4.24.0&#8243; _module_preset=&#8221;default&#8221; background_color=&#8221;gcid-a93f2103-1d8b-43bb-b21d-81d84bba8b15&#8243; use_background_color_gradient=&#8221;on&#8221; background_color_gradient_stops=&#8221;#f2f0eb 0%|#ffffff 100%&#8221; custom_padding=&#8221;0px|||||&#8221; locked=&#8221;off&#8221; global_colors_info=&#8221;{%22gcid-a93f2103-1d8b-43bb-b21d-81d84bba8b15%22:%91%22background_color%22%93}&#8221;][et_pb_row make_equal=&#8221;on&#8221; _builder_version=&#8221;4.24.2&#8243; _module_preset=&#8221;default&#8221; max_width=&#8221;1800px&#8221; locked=&#8221;off&#8221; global_colors_info=&#8221;{}&#8221;][et_pb_column type=&#8221;4_4&#8243; _builder_version=&#8221;4.24.0&#8243; _module_preset=&#8221;default&#8221; custom_padding=&#8221;30px|30px|30px|30px|true|true&#8221; border_radii=&#8221;on|30px|30px|30px|30px&#8221; border_width_all=&#8221;2px&#8221; border_color_all=&#8221;rgba(0,0,0,0.12)&#8221; global_colors_info=&#8221;{}&#8221;][et_pb_text _builder_version=&#8221;4.27.4&#8243; _module_preset=&#8221;524d69df-eac7-4213-83c5-136c4d52fb6c&#8221; global_colors_info=&#8221;{}&#8221;]<\/p>\n<p>57. Ekspertyza s\u0105dowa dla S\u0105du Okr\u0119gowego w Katowcach XIV Wydzia\u0142 Gospodarczy przyczyn p\u0119kni\u0119cia wanny cynkowniczej w D\u0119bskiej Woli. 2026<\/p>\n<p>56. Ekspertyza dla PINB o\u00a0dopuszczenie do\u00a0u\u017cytku przydomowej oczyszczalni \u015bciek\u00f3w w\u00a0D\u0119be Wielkie. 2025<\/p>\n<p>55. Ekspertyza przeds\u0105dowa dotycz\u0105ca zalania budynku przez awari\u0119 instalcji wody zimnej w budynku jednorodzinnym w Micha\u0142owicach. 2025<\/p>\n<p>54. Ekspertyza techniczna dotycz\u0105ca instalacji hydrantowej w sporze pomiedzy najemc\u0105, a zarz\u0105dc\u0105 nieruchomo\u015bci przy ulicy Hanki Czaki w Warszawie. 2025\u00a0<\/p>\n<p>53. Ekspertyza s\u0105dowa dla S\u0105du Okr\u0119gowego w Warszawie I Wydzia\u0142 Cywilny dotycz\u0105ca instalacji ogrzewania w budynku wielorodzinnym przy ulicy Pu\u0142awskiej w Warszawie. 2025<\/p>\n<p>52. Ekspertyza teczhniczna instalacji sanitranych w sporze pomiedzy deweloperem, a wykonawc\u0105 osiedla w Raszynie. 2025<\/p>\n<p>51. Ekspertyza techniczna sieci kanalizacji deszczowej na\u00a0terenie osiedla wsp\u00f3lnoty mieszkaniowej Alfa Park 4a w\u00a0Gda\u0144sku. 2024.<\/p>\n<p>50. Ekspertyza techniczna dotycz\u0105ca uszkodzenia ruroci\u0105gu PVC DN 280 dla Budmech Sp. z o.o. 2025.\u00a0<\/p>\n<p>49. Ekspertyza techniczna instalacji w\u00a0budynku mieszkalnym W\u00a0Grodzisku Mazowieckim. 2024.\u00a0<\/p>\n<p>48. Ekspertyza bieg\u0142ego s\u0105dowego dotycz\u0105ca awari systemu wody lodowej dla S\u0105du Okr\u0119gowego w Warszawie XXVI Wydzia\u0142 Gospodarczy w sprawie Totalizator Sportowy Sp. z o.o. przeciwko Towarzystwo Ubezpiecze\u0144 i Reasekuracji Warta S.A. 2024<\/p>\n<p>47. Ekspertyza techniczna dla Urz\u0119du Zam\u00f3wie\u0144 Publicznych dotycz\u0105ca przetargu na kwot\u0119 siedmiocyfrow\u0105. 2024<\/p>\n<p>46. Ekspertyza techniczna instalacji ogrzewania pod\u0142ogowego 2200 m2 i\u00a0kaskady pomp ciep\u0142a dla Pokarm \u017bycia Sp. z\u00a0o.o. 2024<\/p>\n<p>45. Ekspertyza spawalnicza konstrukcji dla WAG SA. 2024<\/p>\n<p>44. Ekspertyza techniczna instalacji wentylacji awaryjnej w\u00a0kancelarii Prezydenta RP. 2024<\/p>\n<p>43. Ekspertyza techniczna instalacji spalinowej dla w\u00a0budynku wielorodzinnym w\u00a0W\u0119growie. 2024<\/p>\n<p>42. Ekspertyza techniczna instalacji centralnego ogrzewania w\u00a0budynku wielorodzinnym sp\u00f3\u0142dzielni mieszkaniowej \u201c\u0141azienkowska\u201d. 2023<\/p>\n<p>41. Analiza Fitnes-F0r-Service (FFS) zbiornika VSC Condensate Drum dla 200 ty\u015b godzin pracy w\u00a0warunkach pe\u0142zania dla inwestycji Olefiny III. 2023<\/p>\n<p>40. Opinia techniczna dotycz\u0105ca wymaganych bada\u0144 koniecznych do\u00a0wykonania projektu reperacji \u015bcianki rury na\u00a0czynnym gazoci\u0105gu DN 500 MOP 4,8 MPa. 2023<\/p>\n<p>39. Ekspertyza techniczna w\u00a0zakresie oceny metodyki oblicze\u0144 obci\u0105\u017cenia cieplnego budynk\u00f3w mieszkalnych dla SM\u00a0Nowy Dw\u00f3r. 2023<\/p>\n<p>38. Ekspertyza techniczna w\u00a0zakresie oceny systemu wentylacji w\u00a0lokalu mieszkalnym. 2023<\/p>\n<p>37. Ekspertyza techniczna w\u00a0zakresie oceny systemu grzewczego w\u00a0O\u015brodku Szkoleniowo-Konferencyjnym Centralnego Biura Antykorupcyjnego im.\u00a0Lecha Kaczy\u0144skiego w\u00a0Lucieniu. 2022<\/p>\n<p>36. Ocena techniczna jako\u015bci pracy instalacji ciep\u0142ej wody u\u017cytkowej w\u00a0lokalu oraz\u00a0okre\u015blenie podstaw prawnych zabezpieczenia dost\u0119pu do\u00a0wodomierzy lokalowych. 2022<\/p>\n<p>35. Ekspertyza techniczna dotycz\u0105ca przyczyn braku wymaganego ci\u015bnienia wody w\u00a0budynkach wielorodzinnych przy ulicy \u0141ucka 14A i\u00a016A w\u00a0Warszawie. 2022<\/p>\n<p>34. Ekspertyza techniczna dla S\u0105du Rejonowego dla m.st. Warszawy II\u00a0Wydzia\u0142 Cywilny dotycz\u0105ca zastosowania wodomierza g\u0142\u00f3wnego w\u00a0budynku wielorodzinnym. 2022<\/p>\n<p>33. Ekspertyza techniczna dotycz\u0105ca przyczyn awarii kompensatora mieszkowego DN 4000 na\u00a0wymienniku paraxlyneu w\u00a0PKN Orlen. 2021<\/p>\n<p>32. Ekspertyza techniczna dotycz\u0105ca przyczyn awarii nawil\u017caczy parowych zamontowanych w\u00a0instalacji klimatyzacji w\u00a0budynku Wola Retro. 2021<\/p>\n<p>31. Ekspertyza techniczna dotycz\u0105ca uszkodzenia sterowania grzejnikami pod\u0142ogowymi. 2021<\/p>\n<p>30. Ekspertyza techniczna uszkodzonego wymiennika obrotowego centrali wentylacyjnej 30 000 m3\/h znajduj\u0105cej si\u0119 w\u00a0budynku siedziby NBP przy ul.\u00a0Jasnej 12 w\u00a0Warszawie. 2021<\/p>\n<p>29. Ekspertyza techniczna w\u00a0zakresie ustalenia przyczyny zalania gara\u017cy oraz\u00a0lokali mieszkalnych zlokalizowanych na\u00a0parterze w\u00a0budynkach wielorodzinnych nieruchomo\u015bci Apartamenty Marymont II\u00a0w\u00a0Warszawie. 2021<\/p>\n<p>28. Ekspertyza techniczna projektu wykonawczego instalacji wentylacji i\u00a0klimatyzacji dla inwestycji: modernizacja poprzez rozbudow\u0119 bloku operacyjnego wielospecjalistycznego szpitala samodzielnego publicznego zak\u0142adu opieki zdrowotnej w\u00a0Nowej Soli. 2021<\/p>\n<p>27. Ekspertyza techniczna zbiornika magazynowego 715 m3 dla Sk ie technology. 2021<\/p>\n<p>26. Ekspertyza techniczna stacji redukcyjnej i\u00a0instalacji gazowej dla Asseco Poland S.A. 2021<\/p>\n<p>25. Opinia techniczna dotycz\u0105ca spoin po\u00a0procesie naprawy ruroci\u0105gu dmuchu rezerwowego dla Arcelor Mittal w\u00a0zak\u0142adzie w\u00a0D\u0105browie G\u00f3rniczej. 2020<\/p>\n<p>24. Opinia techniczna instalacji ogrzewania i\u00a0ch\u0142odzenia dla budynku mieszkalnego w\u00a0Warszawie. 2020<\/p>\n<p>23. Opinia techniczna dotycz\u0105ca oceny podstaw technicznych podj\u0119cia przez\u00a0Rad\u0119 m. st. Warszawy uchwa\u0142y o\u00a0ustaleniu lokalizacji inwestycji na\u00a0terenie nieruchomo\u015bci zlokalizowanej przy ulicy Lizbo\u0144skiej 1. 2020<\/p>\n<p>22. Ekspertyza dotycz\u0105ca budowy gazoci\u0105gu DN 500 MOP 5,5 MPa w\u00a0ramach realizacji zadania: \u201eModernizacja gazoci\u0105gu O\u015bwi\u0119cim \u2013 Szopienice\u201d, w\u00a0mie\u015bcie Che\u0142m \u015al\u0105ski \u2013 wykonanie tarczowego bloku oporowego w\u00a0\u015bwietle normy BN \u2013 71 8976 \u2013 48. 2020<\/p>\n<p>21. Ekspertyza okre\u015blaj\u0105ca przyczyn\u0119 zaistnia\u0142ej w\u00a0dniu 15.06. 2019r. awarii na\u00a0gazoci\u0105gu DN 1000 MOP 8,4 MPa relacji t\u0142ocznia W\u0142oc\u0142awek \u2013 WGR II\u00a0Gustorzyn w\u00a0miejscowo\u015bci Mikanowo. 2020<\/p>\n<p>20. Ekspertyza symulacyjna mes spoiny nr\u00a042\/16 \u2013 42W41 na\u00a0gazoci\u0105gu DN 1000 na\u00a0odcinku II: Zdzieszowice \u2013 Brzeg. 2020<\/p>\n<p>19. Ekspertyza symulacyjna MES spoiny nr\u00a025\/22 \u2013 25W1\/4 na\u00a0gazoci\u0105gu DN 1000 na\u00a0odcinku II: Zdzieszowice \u2013 Brzeg. 2019<\/p>\n<p>18. Ekspertyza symulacyjna MES owalizacji \u0142uku na\u00a0gazoci\u0105gu DN 1000 na\u00a0odcinku II: Zdzieszowice \u2013 Brzeg. 2019<\/p>\n<p>17. Ekspertyza techniczna dla technologii pompowni \u201cSaska\u201d o\u00a0wydajno\u015bci 6000 m3\/h, nale\u017c\u0105ca do\u00a0warszawskiego systemu ciep\u0142owniczego. 2019<\/p>\n<p>16. Projekt powykonawczy instalacji odci\u0105g\u00f3w stanowiskowych substancji powsta\u0142ych w\u00a0trakcie proces\u00f3w produkcyjnych. 2019<\/p>\n<p>15. Koncepcja gospodarki cieplnej i\u00a0energetycznej dla gminy Kazimierz Biskupi. 2004<\/p>\n<p>14. Ocena oddzia\u0142ywania na\u00a0\u015brodowisko dla planowanej inwestycji kompleksu handlowego Real w\u00a0Warszawie. 2004<\/p>\n<p>13. Rozk\u0142ad przestrzenno-czasowy st\u0119\u017ce\u0144 imisyjnych g\u0142\u00f3wnych zanieczyszcze\u0144 py\u0142owych i\u00a0gazowych to\u00a0jest SO2, NO2 i\u00a0CO\u00a0na\u00a0terenie powiatu Malborskiego. 2003<\/p>\n<p>12. Rozk\u0142ad przestrzenno-czasowy st\u0119\u017ce\u0144 imisyjnych g\u0142\u00f3wnych zanieczyszcze\u0144 py\u0142owych i\u00a0gazowych to\u00a0jest SO2, NO2 i\u00a0CO\u00a0na\u00a0terenie powiatu Kolskiego. 2003<\/p>\n<p>11. Wyznaczenie efektu ekologicznego termomodernizacji budynku Zespo\u0142u Szk\u00f3\u0142 Zawodowych Nr\u00a01 przy ulicy Pi\u0142sudskiego 51 w\u00a0Sochaczewie. 2003<\/p>\n<p>10. Wyznaczenie efektu ekologicznego termomodernizacji budynku Zespo\u0142u Szk\u00f3l Specjalnych przy ulicy Ziemowita 3 w\u00a0Sochaczewie. 2003<\/p>\n<p>9. Program poprawy jako\u015bci systemu ciep\u0142owniczego oraz\u00a0termomodernizacji budynk\u00f3w miasta Gostynin na\u00a0X\u00a0edycje konkursu na\u00a0oszcz\u0119dno\u015b\u0107 energii w\u00a0systemach ciep\u0142owniczych. 2003<\/p>\n<p>8. Wyznaczenie efektu ekologicznego dla wybranego wariantu termomodernizacji dla Starostwa Powiatowego w\u00a0Sochaczewie. 2002<\/p>\n<p>7.Rozk\u0142ad czasowo \u2013 przestrzenny zanieczyszcze\u0144 powietrza atmosferycznego dla terenu Stowarzyszenia Gmin Turystycznych Pojezierza Gostyni\u0144skiego. 2002<\/p>\n<p>6. Operat ochrony powietrza dla zak\u0142ad\u00f3w Procter &amp; Gamble przy ulicy Zabranieckiej 20 w\u00a0Warszawie. 2001<\/p>\n<p>5. Ocena oddzia\u0142ywania na\u00a0\u015brodowisko dla zak\u0142ad\u00f3w Procter &amp; Gamble przy ulicy Zabranieckiej 20 w\u00a0Warszawie. 2001<\/p>\n<p>4. Raport przed\u00a0prywatyzacyjny Przedsi\u0119biorstwa Energetyki Cieplnej w\u00a0Zdu\u0144skiej Woli. 1999<\/p>\n<p>3. Raport przed\u00a0prywatyzacyjny Przedsi\u0119biorstwa Energetyki Cieplnej w\u00a0\u0141asku. 1999<\/p>\n<p>3. Ocena oddzia\u0142ywania na\u00a0\u015brodowisko rozbudowy dzia\u0142u pieluszek Pampers dla zak\u0142ad\u00f3w Procter &amp; Gamble przy ulicy Zabranieckiej 20 w\u00a0Warszawie. 1999<\/p>\n<p>2. Ocena oddzia\u0142ywania na\u00a0\u015brodowisko budowy kompleksu handlowego Real przy ulicy Al.\u00a0Krakowska w\u00a0Warszawie. 1999<\/p>\n<p>1. Operat ochrony powietrza dla zak\u0142ad\u00f3w Procter &amp; Gamble przy ulicy Zabranieckiej 20 w\u00a0Warszawie. 1999<\/p>\n<p>[\/et_pb_text][\/et_pb_column][\/et_pb_row][\/et_pb_section]<\/p>\n","protected":false},"excerpt":{"rendered":"<p>Ekspertyzy techniczne57. Ekspertyza s\u0105dowa dla S\u0105du Okr\u0119gowego w Katowcach XIV Wydzia\u0142 Gospodarczy przyczyn p\u0119kni\u0119cia wanny cynkowniczej w D\u0119bskiej Woli. 2026 56. Ekspertyza dla PINB o\u00a0dopuszczenie do\u00a0u\u017cytku przydomowej oczyszczalni \u015bciek\u00f3w w\u00a0D\u0119be Wielkie. 2025 55. Ekspertyza przeds\u0105dowa dotycz\u0105ca zalania budynku przez awari\u0119 instalcji wody zimnej w budynku jednorodzinnym w Micha\u0142owicach. 2025 54. Ekspertyza techniczna dotycz\u0105ca instalacji hydrantowej [&hellip;]<\/p>\n","protected":false},"author":2,"featured_media":0,"parent":179,"menu_order":0,"comment_status":"closed","ping_status":"closed","template":"","meta":{"_et_pb_use_builder":"on","_et_pb_old_content":"","_et_gb_content_width":"","footnotes":""},"class_list":["post-1880","page","type-page","status-publish","hentry"],"yoast_head":"<!-- This site is optimized with the Yoast SEO plugin v27.6 - https:\/\/yoast.com\/product\/yoast-seo-wordpress\/ -->\n<title>Ekspertyzy techniczne - Jerzy Nawrocki<\/title>\n<meta name=\"robots\" content=\"index, follow, max-snippet:-1, max-image-preview:large, max-video-preview:-1\" \/>\n<link rel=\"canonical\" href=\"https:\/\/jureknawrocki.com\/en\/projekty\/ekspertyzy-techniczne\/\" \/>\n<meta property=\"og:locale\" content=\"en_GB\" \/>\n<meta property=\"og:type\" content=\"article\" \/>\n<meta property=\"og:title\" content=\"Ekspertyzy techniczne - Jerzy Nawrocki\" \/>\n<meta property=\"og:description\" content=\"Ekspertyzy techniczne57. Ekspertyza s\u0105dowa dla S\u0105du Okr\u0119gowego w Katowcach XIV Wydzia\u0142 Gospodarczy przyczyn p\u0119kni\u0119cia wanny cynkowniczej w D\u0119bskiej Woli. 2026 56. Ekspertyza dla PINB o\u00a0dopuszczenie do\u00a0u\u017cytku przydomowej oczyszczalni \u015bciek\u00f3w w\u00a0D\u0119be Wielkie. 2025 55. Ekspertyza przeds\u0105dowa dotycz\u0105ca zalania budynku przez awari\u0119 instalcji wody zimnej w budynku jednorodzinnym w Micha\u0142owicach. 2025 54. Ekspertyza techniczna dotycz\u0105ca instalacji hydrantowej [&hellip;]\" \/>\n<meta property=\"og:url\" content=\"https:\/\/jureknawrocki.com\/en\/projekty\/ekspertyzy-techniczne\/\" \/>\n<meta property=\"og:site_name\" content=\"Jerzy Nawrocki\" \/>\n<meta property=\"article:modified_time\" content=\"2026-03-16T06:38:36+00:00\" \/>\n<meta name=\"twitter:card\" content=\"summary_large_image\" \/>\n<meta name=\"twitter:label1\" content=\"Estimated reading time\" \/>\n\t<meta name=\"twitter:data1\" content=\"6 minutes\" \/>\n<script type=\"application\/ld+json\" class=\"yoast-schema-graph\">{\"@context\":\"https:\\\/\\\/schema.org\",\"@graph\":[{\"@type\":\"WebPage\",\"@id\":\"https:\\\/\\\/jureknawrocki.com\\\/projekty\\\/ekspertyzy-techniczne\\\/\",\"url\":\"https:\\\/\\\/jureknawrocki.com\\\/projekty\\\/ekspertyzy-techniczne\\\/\",\"name\":\"Ekspertyzy techniczne - Jerzy Nawrocki\",\"isPartOf\":{\"@id\":\"https:\\\/\\\/jureknawrocki.com\\\/#website\"},\"datePublished\":\"2024-02-24T14:27:51+00:00\",\"dateModified\":\"2026-03-16T06:38:36+00:00\",\"breadcrumb\":{\"@id\":\"https:\\\/\\\/jureknawrocki.com\\\/projekty\\\/ekspertyzy-techniczne\\\/#breadcrumb\"},\"inLanguage\":\"en-GB\",\"potentialAction\":[{\"@type\":\"ReadAction\",\"target\":[\"https:\\\/\\\/jureknawrocki.com\\\/projekty\\\/ekspertyzy-techniczne\\\/\"]}]},{\"@type\":\"BreadcrumbList\",\"@id\":\"https:\\\/\\\/jureknawrocki.com\\\/projekty\\\/ekspertyzy-techniczne\\\/#breadcrumb\",\"itemListElement\":[{\"@type\":\"ListItem\",\"position\":1,\"name\":\"Home\",\"item\":\"https:\\\/\\\/jureknawrocki.com\\\/\"},{\"@type\":\"ListItem\",\"position\":2,\"name\":\"Projekty\",\"item\":\"https:\\\/\\\/jureknawrocki.com\\\/projekty\\\/\"},{\"@type\":\"ListItem\",\"position\":3,\"name\":\"Ekspertyzy techniczne\"}]},{\"@type\":\"WebSite\",\"@id\":\"https:\\\/\\\/jureknawrocki.com\\\/#website\",\"url\":\"https:\\\/\\\/jureknawrocki.com\\\/\",\"name\":\"Jerzy Nawrocki\",\"description\":\"dr in\u017c., Rzeczoznawca Izby In\u017cynier\u00f3w, SIMP, NOT || Ruroci\u0105gi i aparaty ci\u015bnieniowe || Uprawnienia budowalne HVAC i Gaz || Spawalnictwo IWE&amp;I || Certyfikat LE w\\\/g EN 13313-Ch\u0142odnictwo i Pompy ciep\u0142a\",\"publisher\":{\"@id\":\"https:\\\/\\\/jureknawrocki.com\\\/#organization\"},\"potentialAction\":[{\"@type\":\"SearchAction\",\"target\":{\"@type\":\"EntryPoint\",\"urlTemplate\":\"https:\\\/\\\/jureknawrocki.com\\\/?s={search_term_string}\"},\"query-input\":{\"@type\":\"PropertyValueSpecification\",\"valueRequired\":true,\"valueName\":\"search_term_string\"}}],\"inLanguage\":\"en-GB\"},{\"@type\":\"Organization\",\"@id\":\"https:\\\/\\\/jureknawrocki.com\\\/#organization\",\"name\":\"Jerzy Nawrocki\",\"url\":\"https:\\\/\\\/jureknawrocki.com\\\/\",\"logo\":{\"@type\":\"ImageObject\",\"inLanguage\":\"en-GB\",\"@id\":\"https:\\\/\\\/jureknawrocki.com\\\/#\\\/schema\\\/logo\\\/image\\\/\",\"url\":\"https:\\\/\\\/jureknawrocki.com\\\/wp-content\\\/uploads\\\/Jerzy-Nawrocki-favicon.webp\",\"contentUrl\":\"https:\\\/\\\/jureknawrocki.com\\\/wp-content\\\/uploads\\\/Jerzy-Nawrocki-favicon.webp\",\"width\":210,\"height\":211,\"caption\":\"Jerzy Nawrocki\"},\"image\":{\"@id\":\"https:\\\/\\\/jureknawrocki.com\\\/#\\\/schema\\\/logo\\\/image\\\/\"},\"sameAs\":[\"https:\\\/\\\/www.linkedin.com\\\/in\\\/jerzy-nawrocki-a41259105\\\/?locale=pl_PL\"]}]}<\/script>\n<!-- \/ Yoast SEO plugin. -->","yoast_head_json":{"title":"Ekspertyzy techniczne - Jerzy Nawrocki","robots":{"index":"index","follow":"follow","max-snippet":"max-snippet:-1","max-image-preview":"max-image-preview:large","max-video-preview":"max-video-preview:-1"},"canonical":"https:\/\/jureknawrocki.com\/en\/projekty\/ekspertyzy-techniczne\/","og_locale":"en_GB","og_type":"article","og_title":"Ekspertyzy techniczne - Jerzy Nawrocki","og_description":"Ekspertyzy techniczne57. Ekspertyza s\u0105dowa dla S\u0105du Okr\u0119gowego w Katowcach XIV Wydzia\u0142 Gospodarczy przyczyn p\u0119kni\u0119cia wanny cynkowniczej w D\u0119bskiej Woli. 2026 56. Ekspertyza dla PINB o\u00a0dopuszczenie do\u00a0u\u017cytku przydomowej oczyszczalni \u015bciek\u00f3w w\u00a0D\u0119be Wielkie. 2025 55. Ekspertyza przeds\u0105dowa dotycz\u0105ca zalania budynku przez awari\u0119 instalcji wody zimnej w budynku jednorodzinnym w Micha\u0142owicach. 2025 54. Ekspertyza techniczna dotycz\u0105ca instalacji hydrantowej [&hellip;]","og_url":"https:\/\/jureknawrocki.com\/en\/projekty\/ekspertyzy-techniczne\/","og_site_name":"Jerzy Nawrocki","article_modified_time":"2026-03-16T06:38:36+00:00","twitter_card":"summary_large_image","twitter_misc":{"Estimated reading time":"6 minutes"},"schema":{"@context":"https:\/\/schema.org","@graph":[{"@type":"WebPage","@id":"https:\/\/jureknawrocki.com\/projekty\/ekspertyzy-techniczne\/","url":"https:\/\/jureknawrocki.com\/projekty\/ekspertyzy-techniczne\/","name":"Ekspertyzy techniczne - Jerzy Nawrocki","isPartOf":{"@id":"https:\/\/jureknawrocki.com\/#website"},"datePublished":"2024-02-24T14:27:51+00:00","dateModified":"2026-03-16T06:38:36+00:00","breadcrumb":{"@id":"https:\/\/jureknawrocki.com\/projekty\/ekspertyzy-techniczne\/#breadcrumb"},"inLanguage":"en-GB","potentialAction":[{"@type":"ReadAction","target":["https:\/\/jureknawrocki.com\/projekty\/ekspertyzy-techniczne\/"]}]},{"@type":"BreadcrumbList","@id":"https:\/\/jureknawrocki.com\/projekty\/ekspertyzy-techniczne\/#breadcrumb","itemListElement":[{"@type":"ListItem","position":1,"name":"Home","item":"https:\/\/jureknawrocki.com\/"},{"@type":"ListItem","position":2,"name":"Projekty","item":"https:\/\/jureknawrocki.com\/projekty\/"},{"@type":"ListItem","position":3,"name":"Ekspertyzy techniczne"}]},{"@type":"WebSite","@id":"https:\/\/jureknawrocki.com\/#website","url":"https:\/\/jureknawrocki.com\/","name":"Jerzy Nawrocki","description":"dr in\u017c., Rzeczoznawca Izby In\u017cynier\u00f3w, SIMP, NOT || Ruroci\u0105gi i aparaty ci\u015bnieniowe || Uprawnienia budowalne HVAC i Gaz || Spawalnictwo IWE&amp;I || Certyfikat LE w\/g EN 13313-Ch\u0142odnictwo i Pompy ciep\u0142a","publisher":{"@id":"https:\/\/jureknawrocki.com\/#organization"},"potentialAction":[{"@type":"SearchAction","target":{"@type":"EntryPoint","urlTemplate":"https:\/\/jureknawrocki.com\/?s={search_term_string}"},"query-input":{"@type":"PropertyValueSpecification","valueRequired":true,"valueName":"search_term_string"}}],"inLanguage":"en-GB"},{"@type":"Organization","@id":"https:\/\/jureknawrocki.com\/#organization","name":"Jerzy Nawrocki","url":"https:\/\/jureknawrocki.com\/","logo":{"@type":"ImageObject","inLanguage":"en-GB","@id":"https:\/\/jureknawrocki.com\/#\/schema\/logo\/image\/","url":"https:\/\/jureknawrocki.com\/wp-content\/uploads\/Jerzy-Nawrocki-favicon.webp","contentUrl":"https:\/\/jureknawrocki.com\/wp-content\/uploads\/Jerzy-Nawrocki-favicon.webp","width":210,"height":211,"caption":"Jerzy Nawrocki"},"image":{"@id":"https:\/\/jureknawrocki.com\/#\/schema\/logo\/image\/"},"sameAs":["https:\/\/www.linkedin.com\/in\/jerzy-nawrocki-a41259105\/?locale=pl_PL"]}]}},"_links":{"self":[{"href":"https:\/\/jureknawrocki.com\/en\/wp-json\/wp\/v2\/pages\/1880","targetHints":{"allow":["GET"]}}],"collection":[{"href":"https:\/\/jureknawrocki.com\/en\/wp-json\/wp\/v2\/pages"}],"about":[{"href":"https:\/\/jureknawrocki.com\/en\/wp-json\/wp\/v2\/types\/page"}],"author":[{"embeddable":true,"href":"https:\/\/jureknawrocki.com\/en\/wp-json\/wp\/v2\/users\/2"}],"replies":[{"embeddable":true,"href":"https:\/\/jureknawrocki.com\/en\/wp-json\/wp\/v2\/comments?post=1880"}],"version-history":[{"count":4,"href":"https:\/\/jureknawrocki.com\/en\/wp-json\/wp\/v2\/pages\/1880\/revisions"}],"predecessor-version":[{"id":3417,"href":"https:\/\/jureknawrocki.com\/en\/wp-json\/wp\/v2\/pages\/1880\/revisions\/3417"}],"up":[{"embeddable":true,"href":"https:\/\/jureknawrocki.com\/en\/wp-json\/wp\/v2\/pages\/179"}],"wp:attachment":[{"href":"https:\/\/jureknawrocki.com\/en\/wp-json\/wp\/v2\/media?parent=1880"}],"curies":[{"name":"wp","href":"https:\/\/api.w.org\/{rel}","templated":true}]}}