{"id":1890,"date":"2024-02-24T15:35:47","date_gmt":"2024-02-24T14:35:47","guid":{"rendered":"https:\/\/jn.proklik.pl\/?page_id=1890"},"modified":"2025-08-12T16:55:17","modified_gmt":"2025-08-12T14:55:17","slug":"inwentaryzacje","status":"publish","type":"page","link":"https:\/\/jureknawrocki.com\/en\/projekty\/inwentaryzacje\/","title":{"rendered":"HVAC inventory"},"content":{"rendered":"<p>[et_pb_section fb_built=&#8221;1&#8243; admin_label=&#8221;Header&#8221; _builder_version=&#8221;4.22.0&#8243; _module_preset=&#8221;default&#8221; overflow-x=&#8221;hidden&#8221; overflow-y=&#8221;hidden&#8221; collapsed=&#8221;on&#8221; global_colors_info=&#8221;{}&#8221;][et_pb_row _builder_version=&#8221;4.24.0&#8243; _module_preset=&#8221;default&#8221; max_width=&#8221;1800px&#8221; global_colors_info=&#8221;{}&#8221;][et_pb_column type=&#8221;4_4&#8243; _builder_version=&#8221;4.22.0&#8243; _module_preset=&#8221;default&#8221; global_colors_info=&#8221;{}&#8221;][et_pb_text _builder_version=&#8221;4.24.2&#8243; _module_preset=&#8221;d0f6cbbd-bccb-4e42-9e3d-1cdb99813f80&#8243; global_colors_info=&#8221;{}&#8221;]<\/p>\n<h1>Inwentaryzacje<\/h1>\n<p>[\/et_pb_text][et_pb_button button_url=&#8221;\/kontak&#8221; button_text=&#8221;Napisz do\u00a0mnie&#8221; _builder_version=&#8221;4.24.2&#8243; _module_preset=&#8221;fe2d0f4d-1c63-42a1-be72-f5a8fb62d51c&#8221; global_colors_info=&#8221;{}&#8221;][\/et_pb_button][\/et_pb_column][\/et_pb_row][\/et_pb_section][et_pb_section fb_built=&#8221;1&#8243; admin_label=&#8221;Feature&#8221; _builder_version=&#8221;4.24.0&#8243; _module_preset=&#8221;default&#8221; background_color=&#8221;gcid-a93f2103-1d8b-43bb-b21d-81d84bba8b15&#8243; use_background_color_gradient=&#8221;on&#8221; background_color_gradient_stops=&#8221;#f2f0eb 0%|#ffffff 100%&#8221; custom_padding=&#8221;0px|||||&#8221; locked=&#8221;off&#8221; global_colors_info=&#8221;{%22gcid-a93f2103-1d8b-43bb-b21d-81d84bba8b15%22:%91%22background_color%22%93}&#8221;][et_pb_row make_equal=&#8221;on&#8221; _builder_version=&#8221;4.24.2&#8243; _module_preset=&#8221;default&#8221; max_width=&#8221;1800px&#8221; locked=&#8221;off&#8221; global_colors_info=&#8221;{}&#8221;][et_pb_column type=&#8221;4_4&#8243; _builder_version=&#8221;4.24.0&#8243; _module_preset=&#8221;default&#8221; custom_padding=&#8221;30px|30px|30px|30px|true|true&#8221; border_radii=&#8221;on|30px|30px|30px|30px&#8221; border_width_all=&#8221;2px&#8221; border_color_all=&#8221;rgba(0,0,0,0.12)&#8221; global_colors_info=&#8221;{}&#8221;][et_pb_text _builder_version=&#8221;4.24.2&#8243; _module_preset=&#8221;524d69df-eac7-4213-83c5-136c4d52fb6c&#8221; global_colors_info=&#8221;{}&#8221;]<\/p>\n<p>20. Inwentaryzacja budowlana oraz&nbsp;instalacji wod \u2013 kan, centralnego ogrzewania i&nbsp;gazowej w&nbsp;budynku przy ulicy Agawy 2 w&nbsp;Warszawie. 2008<\/p>\n<p>19. Inwentaryzacja budowlana oraz&nbsp;instalacji wod \u2013 kan, centralnego ogrzewania i&nbsp;gazowej w&nbsp;budynku przy ulicy Bielskiego 6 w&nbsp;Warszawie. 2008<\/p>\n<p>18. Inwentaryzacja budowlana oraz&nbsp;instalacji wod \u2013 kan, centralnego ogrzewania i&nbsp;gazowej w&nbsp;budynku przy ulicy Gibalskiego 9 w&nbsp;Warszawie. 2008<\/p>\n<p>17. Inwentaryzacja instalacji wod \u2013 kan i&nbsp;gazowej w&nbsp;budynku przy ulicy Olbrachta 17B w&nbsp;Warszawie. 2007<\/p>\n<p>16. Inwentaryzacja instalacji wod \u2013 kan i&nbsp;gazowej w&nbsp;budynku przy ulicy Cio\u0142ka 4A w&nbsp;Warszawie. 2007<\/p>\n<p>15. Inwentaryzacja instalacji wod \u2013 kan i&nbsp;gazowej w&nbsp;budynku przy ulicy Karolkowa 71 w&nbsp;Warszawie. 2007<\/p>\n<p>14. Inwentaryzacja instalacji wod \u2013 kan i&nbsp;gazowej w&nbsp;budynku przy ulicy Nowolipki 21A w&nbsp;Warszawie. 2007<\/p>\n<p>13. Inwentaryzacja instalacji ogrzewania, wody zimnej, kanalizacji i&nbsp;gazowej w&nbsp;budynku przy ulicy D\u0142ugosza 31 w&nbsp;Warszawie. 2007<\/p>\n<p>12. Inwentaryzacja instalacji grzewczej, wod \u2013 kan , wody ciep\u0142ej i&nbsp;elektrycznej w&nbsp;budynku przy ulicy M\u0142ynarska 27A w&nbsp;Warszawie. 2006<\/p>\n<p>11. Inwentaryzacja instalacji grzewczej, wod \u2013 kan , wody ciep\u0142ej i&nbsp;elektrycznej w&nbsp;budynku przy ulicy Raszei 1\/3 w&nbsp;Warszawie. 2006<\/p>\n<p>10. Inwentaryzacja instalacji grzewczej, wod \u2013 kan , wody ciep\u0142ej i&nbsp;elektrycznej w&nbsp;budynku przy ulicy Siedmiogrodzkiej 5 w&nbsp;Warszawie. 2006<\/p>\n<p>9. Inwentaryzacja instalacji ogrzewania i&nbsp;wodny u\u017cytkowej w&nbsp;budynku przy ulicy Batalionu Parasol 6 w&nbsp;Warszawie. 2005<\/p>\n<p>8. Inwentaryzacja instalacji ogrzewania i&nbsp;wodny u\u017cytkowej w&nbsp;budynku przy ulicy Z\u0142ota 65 w&nbsp;Warszawie. 2005<\/p>\n<p>7. Inwentaryzacja instalacji ogrzewania i&nbsp;wodny u\u017cytkowej w&nbsp;budynku przy ulicy \u017belazna 75 w&nbsp;Warszawie. 2005<\/p>\n<p>6. Inwentaryzacja instalacji ogrzewania i&nbsp;wodny u\u017cytkowej w&nbsp;budynku przy ulicy Sienna 55 w&nbsp;Warszawie. 2005<\/p>\n<p>5. Inwentaryzacja instalacji ogrzewania i&nbsp;wodny u\u017cytkowej w&nbsp;budynku przy ulicy Monte Cassino 10 w&nbsp;Warszawie. 2005<\/p>\n<p>4. Inwentaryzacja instalacji wodnej, kanalizacyjnej i&nbsp;gazowej budynku przy ulicy \u017bytniej 31\/33 w&nbsp;Warszawie. 2004<\/p>\n<p>3. Inwentaryzacja instalacja instalacji wodnej , kanalizacyjnej i&nbsp;gazowej budynku przy ulicy Oleandr\u00f3w 8 w&nbsp;Warszawie. 2003<\/p>\n<p>2. Inwentaryzacja instalacja instalacji wodnej , kanalizacyjnej i&nbsp;gazowej budynku ulicy Sulikowskiego 7 w&nbsp;Warszawie. 2003<\/p>\n<p>1. Inwentaryzacja instalacja instalacji wodnej , kanalizacyjnej i&nbsp;gazowej budynku przy ulicy Al.&nbsp;Wyzwolenia 12 w&nbsp;Warszawie. 2003<\/p>\n<p>[\/et_pb_text][\/et_pb_column][\/et_pb_row][\/et_pb_section]<\/p>\n","protected":false},"excerpt":{"rendered":"<p>Inwentaryzacje20. Inwentaryzacja budowlana oraz&nbsp;instalacji wod \u2013 kan, centralnego ogrzewania i&nbsp;gazowej w&nbsp;budynku przy ulicy Agawy 2 w&nbsp;Warszawie. 2008 19. Inwentaryzacja budowlana oraz&nbsp;instalacji wod \u2013 kan, centralnego ogrzewania i&nbsp;gazowej w&nbsp;budynku przy ulicy Bielskiego 6 w&nbsp;Warszawie. 2008 18. Inwentaryzacja budowlana oraz&nbsp;instalacji wod \u2013 kan, centralnego ogrzewania i&nbsp;gazowej w&nbsp;budynku przy ulicy Gibalskiego 9 w&nbsp;Warszawie. 2008 17. Inwentaryzacja instalacji wod [&hellip;]<\/p>\n","protected":false},"author":2,"featured_media":0,"parent":179,"menu_order":0,"comment_status":"closed","ping_status":"closed","template":"","meta":{"_et_pb_use_builder":"on","_et_pb_old_content":"","_et_gb_content_width":"","footnotes":""},"class_list":["post-1890","page","type-page","status-publish","hentry"],"yoast_head":"<!-- This site is optimized with the Yoast SEO plugin v27.6 - https:\/\/yoast.com\/product\/yoast-seo-wordpress\/ -->\n<title>Inwentaryzacje - Jerzy Nawrocki<\/title>\n<meta name=\"robots\" content=\"index, follow, max-snippet:-1, max-image-preview:large, max-video-preview:-1\" \/>\n<link rel=\"canonical\" href=\"https:\/\/jureknawrocki.com\/en\/projekty\/inwentaryzacje\/\" \/>\n<meta property=\"og:locale\" content=\"en_GB\" \/>\n<meta property=\"og:type\" content=\"article\" \/>\n<meta property=\"og:title\" content=\"Inwentaryzacje - Jerzy Nawrocki\" \/>\n<meta property=\"og:description\" content=\"Inwentaryzacje20. Inwentaryzacja budowlana oraz&nbsp;instalacji wod \u2013 kan, centralnego ogrzewania i&nbsp;gazowej w&nbsp;budynku przy ulicy Agawy 2 w&nbsp;Warszawie. 2008 19. Inwentaryzacja budowlana oraz&nbsp;instalacji wod \u2013 kan, centralnego ogrzewania i&nbsp;gazowej w&nbsp;budynku przy ulicy Bielskiego 6 w&nbsp;Warszawie. 2008 18. Inwentaryzacja budowlana oraz&nbsp;instalacji wod \u2013 kan, centralnego ogrzewania i&nbsp;gazowej w&nbsp;budynku przy ulicy Gibalskiego 9 w&nbsp;Warszawie. 2008 17. Inwentaryzacja instalacji wod [&hellip;]\" \/>\n<meta property=\"og:url\" content=\"https:\/\/jureknawrocki.com\/en\/projekty\/inwentaryzacje\/\" \/>\n<meta property=\"og:site_name\" content=\"Jerzy Nawrocki\" \/>\n<meta property=\"article:modified_time\" content=\"2025-08-12T14:55:17+00:00\" \/>\n<meta name=\"twitter:card\" content=\"summary_large_image\" \/>\n<meta name=\"twitter:label1\" content=\"Estimated reading time\" \/>\n\t<meta name=\"twitter:data1\" content=\"3 minutes\" \/>\n<script type=\"application\/ld+json\" class=\"yoast-schema-graph\">{\"@context\":\"https:\\\/\\\/schema.org\",\"@graph\":[{\"@type\":\"WebPage\",\"@id\":\"https:\\\/\\\/jureknawrocki.com\\\/projekty\\\/inwentaryzacje\\\/\",\"url\":\"https:\\\/\\\/jureknawrocki.com\\\/projekty\\\/inwentaryzacje\\\/\",\"name\":\"Inwentaryzacje - Jerzy Nawrocki\",\"isPartOf\":{\"@id\":\"https:\\\/\\\/jureknawrocki.com\\\/#website\"},\"datePublished\":\"2024-02-24T14:35:47+00:00\",\"dateModified\":\"2025-08-12T14:55:17+00:00\",\"breadcrumb\":{\"@id\":\"https:\\\/\\\/jureknawrocki.com\\\/projekty\\\/inwentaryzacje\\\/#breadcrumb\"},\"inLanguage\":\"en-GB\",\"potentialAction\":[{\"@type\":\"ReadAction\",\"target\":[\"https:\\\/\\\/jureknawrocki.com\\\/projekty\\\/inwentaryzacje\\\/\"]}]},{\"@type\":\"BreadcrumbList\",\"@id\":\"https:\\\/\\\/jureknawrocki.com\\\/projekty\\\/inwentaryzacje\\\/#breadcrumb\",\"itemListElement\":[{\"@type\":\"ListItem\",\"position\":1,\"name\":\"Home\",\"item\":\"https:\\\/\\\/jureknawrocki.com\\\/\"},{\"@type\":\"ListItem\",\"position\":2,\"name\":\"Projekty\",\"item\":\"https:\\\/\\\/jureknawrocki.com\\\/projekty\\\/\"},{\"@type\":\"ListItem\",\"position\":3,\"name\":\"Inwentaryzacje\"}]},{\"@type\":\"WebSite\",\"@id\":\"https:\\\/\\\/jureknawrocki.com\\\/#website\",\"url\":\"https:\\\/\\\/jureknawrocki.com\\\/\",\"name\":\"Jerzy Nawrocki\",\"description\":\"dr in\u017c., Rzeczoznawca Izby In\u017cynier\u00f3w, SIMP, NOT || Ruroci\u0105gi i aparaty ci\u015bnieniowe || Uprawnienia budowalne HVAC i Gaz || Spawalnictwo IWE&amp;I || Certyfikat LE w\\\/g EN 13313-Ch\u0142odnictwo i Pompy ciep\u0142a\",\"publisher\":{\"@id\":\"https:\\\/\\\/jureknawrocki.com\\\/#organization\"},\"potentialAction\":[{\"@type\":\"SearchAction\",\"target\":{\"@type\":\"EntryPoint\",\"urlTemplate\":\"https:\\\/\\\/jureknawrocki.com\\\/?s={search_term_string}\"},\"query-input\":{\"@type\":\"PropertyValueSpecification\",\"valueRequired\":true,\"valueName\":\"search_term_string\"}}],\"inLanguage\":\"en-GB\"},{\"@type\":\"Organization\",\"@id\":\"https:\\\/\\\/jureknawrocki.com\\\/#organization\",\"name\":\"Jerzy Nawrocki\",\"url\":\"https:\\\/\\\/jureknawrocki.com\\\/\",\"logo\":{\"@type\":\"ImageObject\",\"inLanguage\":\"en-GB\",\"@id\":\"https:\\\/\\\/jureknawrocki.com\\\/#\\\/schema\\\/logo\\\/image\\\/\",\"url\":\"https:\\\/\\\/jureknawrocki.com\\\/wp-content\\\/uploads\\\/Jerzy-Nawrocki-favicon.webp\",\"contentUrl\":\"https:\\\/\\\/jureknawrocki.com\\\/wp-content\\\/uploads\\\/Jerzy-Nawrocki-favicon.webp\",\"width\":210,\"height\":211,\"caption\":\"Jerzy Nawrocki\"},\"image\":{\"@id\":\"https:\\\/\\\/jureknawrocki.com\\\/#\\\/schema\\\/logo\\\/image\\\/\"},\"sameAs\":[\"https:\\\/\\\/www.linkedin.com\\\/in\\\/jerzy-nawrocki-a41259105\\\/?locale=pl_PL\"]}]}<\/script>\n<!-- \/ Yoast SEO plugin. -->","yoast_head_json":{"title":"Inwentaryzacje - Jerzy Nawrocki","robots":{"index":"index","follow":"follow","max-snippet":"max-snippet:-1","max-image-preview":"max-image-preview:large","max-video-preview":"max-video-preview:-1"},"canonical":"https:\/\/jureknawrocki.com\/en\/projekty\/inwentaryzacje\/","og_locale":"en_GB","og_type":"article","og_title":"Inwentaryzacje - Jerzy Nawrocki","og_description":"Inwentaryzacje20. Inwentaryzacja budowlana oraz&nbsp;instalacji wod \u2013 kan, centralnego ogrzewania i&nbsp;gazowej w&nbsp;budynku przy ulicy Agawy 2 w&nbsp;Warszawie. 2008 19. Inwentaryzacja budowlana oraz&nbsp;instalacji wod \u2013 kan, centralnego ogrzewania i&nbsp;gazowej w&nbsp;budynku przy ulicy Bielskiego 6 w&nbsp;Warszawie. 2008 18. Inwentaryzacja budowlana oraz&nbsp;instalacji wod \u2013 kan, centralnego ogrzewania i&nbsp;gazowej w&nbsp;budynku przy ulicy Gibalskiego 9 w&nbsp;Warszawie. 2008 17. Inwentaryzacja instalacji wod [&hellip;]","og_url":"https:\/\/jureknawrocki.com\/en\/projekty\/inwentaryzacje\/","og_site_name":"Jerzy Nawrocki","article_modified_time":"2025-08-12T14:55:17+00:00","twitter_card":"summary_large_image","twitter_misc":{"Estimated reading time":"3 minutes"},"schema":{"@context":"https:\/\/schema.org","@graph":[{"@type":"WebPage","@id":"https:\/\/jureknawrocki.com\/projekty\/inwentaryzacje\/","url":"https:\/\/jureknawrocki.com\/projekty\/inwentaryzacje\/","name":"Inwentaryzacje - Jerzy Nawrocki","isPartOf":{"@id":"https:\/\/jureknawrocki.com\/#website"},"datePublished":"2024-02-24T14:35:47+00:00","dateModified":"2025-08-12T14:55:17+00:00","breadcrumb":{"@id":"https:\/\/jureknawrocki.com\/projekty\/inwentaryzacje\/#breadcrumb"},"inLanguage":"en-GB","potentialAction":[{"@type":"ReadAction","target":["https:\/\/jureknawrocki.com\/projekty\/inwentaryzacje\/"]}]},{"@type":"BreadcrumbList","@id":"https:\/\/jureknawrocki.com\/projekty\/inwentaryzacje\/#breadcrumb","itemListElement":[{"@type":"ListItem","position":1,"name":"Home","item":"https:\/\/jureknawrocki.com\/"},{"@type":"ListItem","position":2,"name":"Projekty","item":"https:\/\/jureknawrocki.com\/projekty\/"},{"@type":"ListItem","position":3,"name":"Inwentaryzacje"}]},{"@type":"WebSite","@id":"https:\/\/jureknawrocki.com\/#website","url":"https:\/\/jureknawrocki.com\/","name":"Jerzy Nawrocki","description":"dr in\u017c., Rzeczoznawca Izby In\u017cynier\u00f3w, SIMP, NOT || Ruroci\u0105gi i aparaty ci\u015bnieniowe || Uprawnienia budowalne HVAC i Gaz || Spawalnictwo IWE&amp;I || Certyfikat LE w\/g EN 13313-Ch\u0142odnictwo i Pompy ciep\u0142a","publisher":{"@id":"https:\/\/jureknawrocki.com\/#organization"},"potentialAction":[{"@type":"SearchAction","target":{"@type":"EntryPoint","urlTemplate":"https:\/\/jureknawrocki.com\/?s={search_term_string}"},"query-input":{"@type":"PropertyValueSpecification","valueRequired":true,"valueName":"search_term_string"}}],"inLanguage":"en-GB"},{"@type":"Organization","@id":"https:\/\/jureknawrocki.com\/#organization","name":"Jerzy Nawrocki","url":"https:\/\/jureknawrocki.com\/","logo":{"@type":"ImageObject","inLanguage":"en-GB","@id":"https:\/\/jureknawrocki.com\/#\/schema\/logo\/image\/","url":"https:\/\/jureknawrocki.com\/wp-content\/uploads\/Jerzy-Nawrocki-favicon.webp","contentUrl":"https:\/\/jureknawrocki.com\/wp-content\/uploads\/Jerzy-Nawrocki-favicon.webp","width":210,"height":211,"caption":"Jerzy Nawrocki"},"image":{"@id":"https:\/\/jureknawrocki.com\/#\/schema\/logo\/image\/"},"sameAs":["https:\/\/www.linkedin.com\/in\/jerzy-nawrocki-a41259105\/?locale=pl_PL"]}]}},"_links":{"self":[{"href":"https:\/\/jureknawrocki.com\/en\/wp-json\/wp\/v2\/pages\/1890","targetHints":{"allow":["GET"]}}],"collection":[{"href":"https:\/\/jureknawrocki.com\/en\/wp-json\/wp\/v2\/pages"}],"about":[{"href":"https:\/\/jureknawrocki.com\/en\/wp-json\/wp\/v2\/types\/page"}],"author":[{"embeddable":true,"href":"https:\/\/jureknawrocki.com\/en\/wp-json\/wp\/v2\/users\/2"}],"replies":[{"embeddable":true,"href":"https:\/\/jureknawrocki.com\/en\/wp-json\/wp\/v2\/comments?post=1890"}],"version-history":[{"count":3,"href":"https:\/\/jureknawrocki.com\/en\/wp-json\/wp\/v2\/pages\/1890\/revisions"}],"predecessor-version":[{"id":2729,"href":"https:\/\/jureknawrocki.com\/en\/wp-json\/wp\/v2\/pages\/1890\/revisions\/2729"}],"up":[{"embeddable":true,"href":"https:\/\/jureknawrocki.com\/en\/wp-json\/wp\/v2\/pages\/179"}],"wp:attachment":[{"href":"https:\/\/jureknawrocki.com\/en\/wp-json\/wp\/v2\/media?parent=1890"}],"curies":[{"name":"wp","href":"https:\/\/api.w.org\/{rel}","templated":true}]}}