{"id":1973,"date":"2024-02-25T20:17:15","date_gmt":"2024-02-25T19:17:15","guid":{"rendered":"https:\/\/jn.proklik.pl\/?page_id=1973"},"modified":"2025-08-12T16:58:59","modified_gmt":"2025-08-12T14:58:59","slug":"wrc-573-czyli-jak-to-robiono-bez-mes-u","status":"publish","type":"page","link":"https:\/\/jureknawrocki.com\/en\/oferta\/szkolenia\/wrc-573-czyli-jak-to-robiono-bez-mes-u\/","title":{"rendered":"WRC 573 czyli jak to robiono bez MES-u"},"content":{"rendered":"<p>[et_pb_section fb_built=&#8221;1&#8243; admin_label=&#8221;Header&#8221; _builder_version=&#8221;4.24.0&#8243; _module_preset=&#8221;default&#8221; background_color=&#8221;gcid-a93f2103-1d8b-43bb-b21d-81d84bba8b15&#8243; background_enable_image=&#8221;off&#8221; parallax=&#8221;on&#8221; border_radii=&#8221;off|||3vw|3vw&#8221; locked=&#8221;off&#8221; collapsed=&#8221;on&#8221; global_colors_info=&#8221;{%22gcid-a93f2103-1d8b-43bb-b21d-81d84bba8b15%22:%91%22background_color%22%93}&#8221; theme_builder_area=&#8221;post_content&#8221;][et_pb_row _builder_version=&#8221;4.24.0&#8243; _module_preset=&#8221;default&#8221; max_width=&#8221;1800px&#8221; global_colors_info=&#8221;{}&#8221; theme_builder_area=&#8221;post_content&#8221;][et_pb_column type=&#8221;4_4&#8243; _builder_version=&#8221;4.22.0&#8243; _module_preset=&#8221;default&#8221; global_colors_info=&#8221;{}&#8221; theme_builder_area=&#8221;post_content&#8221;][et_pb_text _builder_version=&#8221;4.24.2&#8243; _module_preset=&#8221;_initial&#8221; header_font=&#8221;Inter|700|||||||&#8221; header_font_size=&#8221;90px&#8221; header_line_height=&#8221;1.1em&#8221; max_width=&#8221;1440px&#8221; custom_margin=&#8221;||10px||false|false&#8221; hover_enabled=&#8221;0&#8243; header_font_size_tablet=&#8221;40px&#8221; header_font_size_phone=&#8221;24px&#8221; header_font_size_last_edited=&#8221;on|desktop&#8221; global_colors_info=&#8221;{}&#8221; theme_builder_area=&#8221;post_content&#8221; sticky_enabled=&#8221;0&#8243;]<\/p>\n<h1 class=\"sq-main-title\">WRC 573 czyli jak to robiono bez MES-u<\/h1>\n<p>[\/et_pb_text][et_pb_text _builder_version=&#8221;4.24.2&#8243; _module_preset=&#8221;_initial&#8221; text_text_color=&#8221;gcid-2490e176-5733-4f77-b033-d0b72133e372&#8243; header_4_font=&#8221;Inter|700|||||||&#8221; header_4_font_size=&#8221;24px&#8221; header_4_line_height=&#8221;1.4em&#8221; max_width=&#8221;1440px&#8221; header_4_font_size_tablet=&#8221;16px&#8221; header_4_font_size_phone=&#8221;15px&#8221; header_4_font_size_last_edited=&#8221;on|desktop&#8221; global_colors_info=&#8221;{%22gcid-2490e176-5733-4f77-b033-d0b72133e372%22:%91%22text_text_color%22%93}&#8221; theme_builder_area=&#8221;post_content&#8221;][\/et_pb_text][et_pb_button button_url=&#8221;\/kontakt&#8221; button_text=&#8221;Skontaktuj si\u0119&#8221; _builder_version=&#8221;4.24.1&#8243; _module_preset=&#8221;default&#8221; custom_button=&#8221;on&#8221; button_text_size=&#8221;14px&#8221; button_text_color=&#8221;#FFFFFF&#8221; button_bg_color=&#8221;#3a6351&#8243; button_border_width=&#8221;0px&#8221; button_border_radius=&#8221;100px&#8221; button_font=&#8221;Inter|700|||||||&#8221; custom_padding=&#8221;16px|32px|16px|32px|true|true&#8221; global_colors_info=&#8221;{}&#8221; theme_builder_area=&#8221;post_content&#8221;][\/et_pb_button][\/et_pb_column][\/et_pb_row][\/et_pb_section][et_pb_section fb_built=&#8221;1&#8243; admin_label=&#8221;Call to Action&#8221; _builder_version=&#8221;4.22.0&#8243; _module_preset=&#8221;default&#8221; locked=&#8221;off&#8221; collapsed=&#8221;on&#8221; global_colors_info=&#8221;{}&#8221; theme_builder_area=&#8221;post_content&#8221;][et_pb_row column_structure=&#8221;2_5,3_5&#8243; make_equal=&#8221;on&#8221; _builder_version=&#8221;4.22.0&#8243; _module_preset=&#8221;default&#8221; max_width=&#8221;1800px&#8221; global_colors_info=&#8221;{}&#8221; theme_builder_area=&#8221;post_content&#8221;][et_pb_column type=&#8221;2_5&#8243; _builder_version=&#8221;4.22.0&#8243; _module_preset=&#8221;default&#8221; custom_padding=&#8221;60px||60px||true|false&#8221; custom_padding_tablet=&#8221;||0px||false|false&#8221; custom_padding_phone=&#8221;||0px||false|false&#8221; custom_padding_last_edited=&#8221;on|tablet&#8221; global_colors_info=&#8221;{}&#8221; theme_builder_area=&#8221;post_content&#8221;][et_pb_text _builder_version=&#8221;4.24.1&#8243; _module_preset=&#8221;_initial&#8221; header_2_font=&#8221;Inter|700|||||||&#8221; header_2_font_size=&#8221;52px&#8221; header_2_line_height=&#8221;1.2em&#8221; custom_margin=&#8221;||10px||false|false&#8221; header_2_font_size_tablet=&#8221;32px&#8221; header_2_font_size_phone=&#8221;20px&#8221; header_2_font_size_last_edited=&#8221;on|desktop&#8221; global_colors_info=&#8221;{}&#8221; theme_builder_area=&#8221;post_content&#8221;]<\/p>\n<h2>Zakres tematyczny<\/h2>\n<p>[\/et_pb_text][et_pb_text _builder_version=&#8221;4.24.2&#8243; _module_preset=&#8221;_initial&#8221; text_font=&#8221;Roboto||||||||&#8221; text_font_size=&#8221;16px&#8221; text_line_height=&#8221;1.8em&#8221; link_font=&#8221;||||on||||&#8221; hover_enabled=&#8221;0&#8243; text_font_size_tablet=&#8221;15px&#8221; text_font_size_phone=&#8221;14px&#8221; text_font_size_last_edited=&#8221;on|desktop&#8221; global_colors_info=&#8221;{}&#8221; theme_builder_area=&#8221;post_content&#8221; sticky_enabled=&#8221;0&#8243;]<\/p>\n<p>W tym szkoleniu mo\u017cesz zapozna\u0107 si\u0119 metod\u0105 wyznaczania napr\u0119\u017ce\u0144 w punktach charakterystycznych u podstawy kr\u00f3\u0107c\u00f3w aparat\u00f3w ci\u015bnieniowych. S\u0105 to miejsca, gdzie najcz\u0119\u015bciej wyst\u0119puj\u0105 p\u0119kni\u0119cia. Jest to metoda podana w formie obowi\u0105zuj\u0105cego kodu stworzona przez zesp\u00f3\u0142 prof. Bijaarda w latach 60-tych XX wieku.<\/p>\n<p>[\/et_pb_text][et_pb_button button_url=&#8221;\/kontakt&#8221; button_text=&#8221;Napisz do mnie&#8221; _builder_version=&#8221;4.24.1&#8243; _module_preset=&#8221;default&#8221; custom_button=&#8221;on&#8221; button_text_size=&#8221;14px&#8221; button_text_color=&#8221;#3a6351&#8243; button_bg_color=&#8221;RGBA(255,255,255,0)&#8221; button_border_color=&#8221;#3a6351&#8243; button_border_radius=&#8221;100px&#8221; button_font=&#8221;Inter|700|||||||&#8221; custom_padding=&#8221;16px|32px|16px|32px|true|true&#8221; locked=&#8221;off&#8221; global_colors_info=&#8221;{}&#8221; theme_builder_area=&#8221;post_content&#8221;][\/et_pb_button][\/et_pb_column][et_pb_column type=&#8221;3_5&#8243; _builder_version=&#8221;4.22.0&#8243; _module_preset=&#8221;default&#8221; global_colors_info=&#8221;{}&#8221; theme_builder_area=&#8221;post_content&#8221;][et_pb_image src=&#8221;https:\/\/jn.proklik.pl\/wp-content\/uploads\/energy-2.jpg&#8221; title_text=&#8221;energy-2&#8243; force_fullwidth=&#8221;on&#8221; _builder_version=&#8221;4.24.0&#8243; _module_preset=&#8221;default&#8221; border_radii=&#8221;on|30px|30px|30px|30px&#8221; global_colors_info=&#8221;{}&#8221; theme_builder_area=&#8221;post_content&#8221;][\/et_pb_image][\/et_pb_column][\/et_pb_row][\/et_pb_section]<\/p>\n","protected":false},"excerpt":{"rendered":"<p>WRC 573 czyli jak to robiono bez MES-uZakres tematycznyW tym szkoleniu mo\u017cesz zapozna\u0107 si\u0119 metod\u0105 wyznaczania napr\u0119\u017ce\u0144 w punktach charakterystycznych u podstawy kr\u00f3\u0107c\u00f3w aparat\u00f3w ci\u015bnieniowych. S\u0105 to miejsca, gdzie najcz\u0119\u015bciej wyst\u0119puj\u0105 p\u0119kni\u0119cia. Jest to metoda podana w formie obowi\u0105zuj\u0105cego kodu stworzona przez zesp\u00f3\u0142 prof. Bijaarda w latach 60-tych XX wieku.<\/p>","protected":false},"author":2,"featured_media":0,"parent":208,"menu_order":0,"comment_status":"closed","ping_status":"closed","template":"","meta":{"_et_pb_use_builder":"on","_et_pb_old_content":"","_et_gb_content_width":"","footnotes":""},"class_list":["post-1973","page","type-page","status-publish","hentry"],"yoast_head":"<!-- This site is optimized with the Yoast SEO plugin v27.6 - https:\/\/yoast.com\/product\/yoast-seo-wordpress\/ -->\n<title>WRC 573 czyli jak to robiono bez MES-u - Jerzy Nawrocki<\/title>\n<meta name=\"robots\" content=\"index, follow, max-snippet:-1, max-image-preview:large, max-video-preview:-1\" \/>\n<link rel=\"canonical\" href=\"https:\/\/jureknawrocki.com\/en\/oferta\/szkolenia\/wrc-573-czyli-jak-to-robiono-bez-mes-u\/\" \/>\n<meta property=\"og:locale\" content=\"en_GB\" \/>\n<meta property=\"og:type\" content=\"article\" \/>\n<meta property=\"og:title\" content=\"WRC 573 czyli jak to robiono bez MES-u - Jerzy Nawrocki\" \/>\n<meta property=\"og:description\" content=\"WRC 573 czyli jak to robiono bez MES-uZakres tematycznyW tym szkoleniu mo\u017cesz zapozna\u0107 si\u0119 metod\u0105 wyznaczania napr\u0119\u017ce\u0144 w punktach charakterystycznych u podstawy kr\u00f3\u0107c\u00f3w aparat\u00f3w ci\u015bnieniowych. S\u0105 to miejsca, gdzie najcz\u0119\u015bciej wyst\u0119puj\u0105 p\u0119kni\u0119cia. Jest to metoda podana w formie obowi\u0105zuj\u0105cego kodu stworzona przez zesp\u00f3\u0142 prof. Bijaarda w latach 60-tych XX wieku.\" \/>\n<meta property=\"og:url\" content=\"https:\/\/jureknawrocki.com\/en\/oferta\/szkolenia\/wrc-573-czyli-jak-to-robiono-bez-mes-u\/\" \/>\n<meta property=\"og:site_name\" content=\"Jerzy Nawrocki\" \/>\n<meta property=\"article:modified_time\" content=\"2025-08-12T14:58:59+00:00\" \/>\n<meta name=\"twitter:card\" content=\"summary_large_image\" \/>\n<meta name=\"twitter:label1\" content=\"Estimated reading time\" \/>\n\t<meta name=\"twitter:data1\" content=\"3 minutes\" \/>\n<script type=\"application\/ld+json\" class=\"yoast-schema-graph\">{\"@context\":\"https:\\\/\\\/schema.org\",\"@graph\":[{\"@type\":\"WebPage\",\"@id\":\"https:\\\/\\\/jureknawrocki.com\\\/oferta\\\/szkolenia\\\/wrc-573-czyli-jak-to-robiono-bez-mes-u\\\/\",\"url\":\"https:\\\/\\\/jureknawrocki.com\\\/oferta\\\/szkolenia\\\/wrc-573-czyli-jak-to-robiono-bez-mes-u\\\/\",\"name\":\"WRC 573 czyli jak to robiono bez MES-u - Jerzy Nawrocki\",\"isPartOf\":{\"@id\":\"https:\\\/\\\/jureknawrocki.com\\\/#website\"},\"datePublished\":\"2024-02-25T19:17:15+00:00\",\"dateModified\":\"2025-08-12T14:58:59+00:00\",\"breadcrumb\":{\"@id\":\"https:\\\/\\\/jureknawrocki.com\\\/oferta\\\/szkolenia\\\/wrc-573-czyli-jak-to-robiono-bez-mes-u\\\/#breadcrumb\"},\"inLanguage\":\"en-GB\",\"potentialAction\":[{\"@type\":\"ReadAction\",\"target\":[\"https:\\\/\\\/jureknawrocki.com\\\/oferta\\\/szkolenia\\\/wrc-573-czyli-jak-to-robiono-bez-mes-u\\\/\"]}]},{\"@type\":\"BreadcrumbList\",\"@id\":\"https:\\\/\\\/jureknawrocki.com\\\/oferta\\\/szkolenia\\\/wrc-573-czyli-jak-to-robiono-bez-mes-u\\\/#breadcrumb\",\"itemListElement\":[{\"@type\":\"ListItem\",\"position\":1,\"name\":\"Home\",\"item\":\"https:\\\/\\\/jureknawrocki.com\\\/\"},{\"@type\":\"ListItem\",\"position\":2,\"name\":\"Oferta\",\"item\":\"https:\\\/\\\/jureknawrocki.com\\\/oferta\\\/\"},{\"@type\":\"ListItem\",\"position\":3,\"name\":\"Szkolenia\",\"item\":\"https:\\\/\\\/jureknawrocki.com\\\/oferta\\\/szkolenia\\\/\"},{\"@type\":\"ListItem\",\"position\":4,\"name\":\"WRC 573 czyli jak to robiono bez MES-u\"}]},{\"@type\":\"WebSite\",\"@id\":\"https:\\\/\\\/jureknawrocki.com\\\/#website\",\"url\":\"https:\\\/\\\/jureknawrocki.com\\\/\",\"name\":\"Jerzy Nawrocki\",\"description\":\"dr in\u017c., Rzeczoznawca Izby In\u017cynier\u00f3w, SIMP, NOT || Ruroci\u0105gi i aparaty ci\u015bnieniowe || Uprawnienia budowalne HVAC i Gaz || Spawalnictwo IWE&amp;I || Certyfikat LE w\\\/g EN 13313-Ch\u0142odnictwo i Pompy ciep\u0142a\",\"publisher\":{\"@id\":\"https:\\\/\\\/jureknawrocki.com\\\/#organization\"},\"potentialAction\":[{\"@type\":\"SearchAction\",\"target\":{\"@type\":\"EntryPoint\",\"urlTemplate\":\"https:\\\/\\\/jureknawrocki.com\\\/?s={search_term_string}\"},\"query-input\":{\"@type\":\"PropertyValueSpecification\",\"valueRequired\":true,\"valueName\":\"search_term_string\"}}],\"inLanguage\":\"en-GB\"},{\"@type\":\"Organization\",\"@id\":\"https:\\\/\\\/jureknawrocki.com\\\/#organization\",\"name\":\"Jerzy Nawrocki\",\"url\":\"https:\\\/\\\/jureknawrocki.com\\\/\",\"logo\":{\"@type\":\"ImageObject\",\"inLanguage\":\"en-GB\",\"@id\":\"https:\\\/\\\/jureknawrocki.com\\\/#\\\/schema\\\/logo\\\/image\\\/\",\"url\":\"https:\\\/\\\/jureknawrocki.com\\\/wp-content\\\/uploads\\\/Jerzy-Nawrocki-favicon.webp\",\"contentUrl\":\"https:\\\/\\\/jureknawrocki.com\\\/wp-content\\\/uploads\\\/Jerzy-Nawrocki-favicon.webp\",\"width\":210,\"height\":211,\"caption\":\"Jerzy Nawrocki\"},\"image\":{\"@id\":\"https:\\\/\\\/jureknawrocki.com\\\/#\\\/schema\\\/logo\\\/image\\\/\"},\"sameAs\":[\"https:\\\/\\\/www.linkedin.com\\\/in\\\/jerzy-nawrocki-a41259105\\\/?locale=pl_PL\"]}]}<\/script>\n<!-- \/ Yoast SEO plugin. -->","yoast_head_json":{"title":"WRC 573 czyli jak to robiono bez MES-u - Jerzy Nawrocki","robots":{"index":"index","follow":"follow","max-snippet":"max-snippet:-1","max-image-preview":"max-image-preview:large","max-video-preview":"max-video-preview:-1"},"canonical":"https:\/\/jureknawrocki.com\/en\/oferta\/szkolenia\/wrc-573-czyli-jak-to-robiono-bez-mes-u\/","og_locale":"en_GB","og_type":"article","og_title":"WRC 573 czyli jak to robiono bez MES-u - Jerzy Nawrocki","og_description":"WRC 573 czyli jak to robiono bez MES-uZakres tematycznyW tym szkoleniu mo\u017cesz zapozna\u0107 si\u0119 metod\u0105 wyznaczania napr\u0119\u017ce\u0144 w punktach charakterystycznych u podstawy kr\u00f3\u0107c\u00f3w aparat\u00f3w ci\u015bnieniowych. S\u0105 to miejsca, gdzie najcz\u0119\u015bciej wyst\u0119puj\u0105 p\u0119kni\u0119cia. Jest to metoda podana w formie obowi\u0105zuj\u0105cego kodu stworzona przez zesp\u00f3\u0142 prof. Bijaarda w latach 60-tych XX wieku.","og_url":"https:\/\/jureknawrocki.com\/en\/oferta\/szkolenia\/wrc-573-czyli-jak-to-robiono-bez-mes-u\/","og_site_name":"Jerzy Nawrocki","article_modified_time":"2025-08-12T14:58:59+00:00","twitter_card":"summary_large_image","twitter_misc":{"Estimated reading time":"3 minutes"},"schema":{"@context":"https:\/\/schema.org","@graph":[{"@type":"WebPage","@id":"https:\/\/jureknawrocki.com\/oferta\/szkolenia\/wrc-573-czyli-jak-to-robiono-bez-mes-u\/","url":"https:\/\/jureknawrocki.com\/oferta\/szkolenia\/wrc-573-czyli-jak-to-robiono-bez-mes-u\/","name":"WRC 573 czyli jak to robiono bez MES-u - Jerzy Nawrocki","isPartOf":{"@id":"https:\/\/jureknawrocki.com\/#website"},"datePublished":"2024-02-25T19:17:15+00:00","dateModified":"2025-08-12T14:58:59+00:00","breadcrumb":{"@id":"https:\/\/jureknawrocki.com\/oferta\/szkolenia\/wrc-573-czyli-jak-to-robiono-bez-mes-u\/#breadcrumb"},"inLanguage":"en-GB","potentialAction":[{"@type":"ReadAction","target":["https:\/\/jureknawrocki.com\/oferta\/szkolenia\/wrc-573-czyli-jak-to-robiono-bez-mes-u\/"]}]},{"@type":"BreadcrumbList","@id":"https:\/\/jureknawrocki.com\/oferta\/szkolenia\/wrc-573-czyli-jak-to-robiono-bez-mes-u\/#breadcrumb","itemListElement":[{"@type":"ListItem","position":1,"name":"Home","item":"https:\/\/jureknawrocki.com\/"},{"@type":"ListItem","position":2,"name":"Oferta","item":"https:\/\/jureknawrocki.com\/oferta\/"},{"@type":"ListItem","position":3,"name":"Szkolenia","item":"https:\/\/jureknawrocki.com\/oferta\/szkolenia\/"},{"@type":"ListItem","position":4,"name":"WRC 573 czyli jak to robiono bez MES-u"}]},{"@type":"WebSite","@id":"https:\/\/jureknawrocki.com\/#website","url":"https:\/\/jureknawrocki.com\/","name":"Jerzy Nawrocki","description":"dr in\u017c., Rzeczoznawca Izby In\u017cynier\u00f3w, SIMP, NOT || Ruroci\u0105gi i aparaty ci\u015bnieniowe || Uprawnienia budowalne HVAC i Gaz || Spawalnictwo IWE&amp;I || Certyfikat LE w\/g EN 13313-Ch\u0142odnictwo i Pompy ciep\u0142a","publisher":{"@id":"https:\/\/jureknawrocki.com\/#organization"},"potentialAction":[{"@type":"SearchAction","target":{"@type":"EntryPoint","urlTemplate":"https:\/\/jureknawrocki.com\/?s={search_term_string}"},"query-input":{"@type":"PropertyValueSpecification","valueRequired":true,"valueName":"search_term_string"}}],"inLanguage":"en-GB"},{"@type":"Organization","@id":"https:\/\/jureknawrocki.com\/#organization","name":"Jerzy Nawrocki","url":"https:\/\/jureknawrocki.com\/","logo":{"@type":"ImageObject","inLanguage":"en-GB","@id":"https:\/\/jureknawrocki.com\/#\/schema\/logo\/image\/","url":"https:\/\/jureknawrocki.com\/wp-content\/uploads\/Jerzy-Nawrocki-favicon.webp","contentUrl":"https:\/\/jureknawrocki.com\/wp-content\/uploads\/Jerzy-Nawrocki-favicon.webp","width":210,"height":211,"caption":"Jerzy Nawrocki"},"image":{"@id":"https:\/\/jureknawrocki.com\/#\/schema\/logo\/image\/"},"sameAs":["https:\/\/www.linkedin.com\/in\/jerzy-nawrocki-a41259105\/?locale=pl_PL"]}]}},"_links":{"self":[{"href":"https:\/\/jureknawrocki.com\/en\/wp-json\/wp\/v2\/pages\/1973","targetHints":{"allow":["GET"]}}],"collection":[{"href":"https:\/\/jureknawrocki.com\/en\/wp-json\/wp\/v2\/pages"}],"about":[{"href":"https:\/\/jureknawrocki.com\/en\/wp-json\/wp\/v2\/types\/page"}],"author":[{"embeddable":true,"href":"https:\/\/jureknawrocki.com\/en\/wp-json\/wp\/v2\/users\/2"}],"replies":[{"embeddable":true,"href":"https:\/\/jureknawrocki.com\/en\/wp-json\/wp\/v2\/comments?post=1973"}],"version-history":[{"count":2,"href":"https:\/\/jureknawrocki.com\/en\/wp-json\/wp\/v2\/pages\/1973\/revisions"}],"predecessor-version":[{"id":1975,"href":"https:\/\/jureknawrocki.com\/en\/wp-json\/wp\/v2\/pages\/1973\/revisions\/1975"}],"up":[{"embeddable":true,"href":"https:\/\/jureknawrocki.com\/en\/wp-json\/wp\/v2\/pages\/208"}],"wp:attachment":[{"href":"https:\/\/jureknawrocki.com\/en\/wp-json\/wp\/v2\/media?parent=1973"}],"curies":[{"name":"wp","href":"https:\/\/api.w.org\/{rel}","templated":true}]}}