{"id":2195,"date":"2024-02-29T19:35:33","date_gmt":"2024-02-29T18:35:33","guid":{"rendered":"https:\/\/jn.proklik.pl\/?page_id=2195"},"modified":"2026-03-06T08:52:59","modified_gmt":"2026-03-06T07:52:59","slug":"przydatne-linki","status":"publish","type":"page","link":"https:\/\/jureknawrocki.com\/en\/przydatne-linki\/","title":{"rendered":"Useful links"},"content":{"rendered":"<p>[et_pb_section fb_built=&#8221;1&#8243; admin_label=&#8221;Header&#8221; _builder_version=&#8221;4.22.0&#8243; _module_preset=&#8221;default&#8221; collapsed=&#8221;on&#8221; global_colors_info=&#8221;{}&#8221;][et_pb_row _builder_version=&#8221;4.24.0&#8243; _module_preset=&#8221;default&#8221; max_width=&#8221;1800px&#8221; global_colors_info=&#8221;{}&#8221;][et_pb_column type=&#8221;4_4&#8243; _builder_version=&#8221;4.22.0&#8243; _module_preset=&#8221;default&#8221; global_colors_info=&#8221;{}&#8221;][et_pb_text _builder_version=&#8221;4.24.2&#8243; _module_preset=&#8221;_initial&#8221; header_font=&#8221;Inter|700|||||||&#8221; header_font_size=&#8221;90px&#8221; header_line_height=&#8221;1.1em&#8221; text_orientation=&#8221;center&#8221; header_font_size_tablet=&#8221;40px&#8221; header_font_size_phone=&#8221;24px&#8221; header_font_size_last_edited=&#8221;on|desktop&#8221; global_colors_info=&#8221;{}&#8221;]<\/p>\n<h1 style=\"text-align: left;\">Przydatne linki<\/h1>\n<p>[\/et_pb_text][\/et_pb_column][\/et_pb_row][et_pb_row column_structure=&#8221;1_3,1_3,1_3&#8243; _builder_version=&#8221;4.24.2&#8243; _module_preset=&#8221;default&#8221; max_width=&#8221;1800px&#8221; global_colors_info=&#8221;{}&#8221;][et_pb_column type=&#8221;1_3&#8243; _builder_version=&#8221;4.24.2&#8243; _module_preset=&#8221;default&#8221; global_colors_info=&#8221;{}&#8221;][et_pb_blurb title=&#8221;Kalkulator masy \u015br\u00f3b&#8221; url=&#8221;https:\/\/www.portlandbolt.com\/technical\/tools\/bolt-weight-calculator\/&#8221; url_new_window=&#8221;on&#8221; image=&#8221;https:\/\/jureknawrocki.com\/wp-content\/uploads\/Jerzy-Nawroski-\u2013-link1.webp&#8221; _builder_version=&#8221;4.27.5&#8243; _module_preset=&#8221;default&#8221; background_color=&#8221;#F2F0EB&#8221; text_orientation=&#8221;center&#8221; custom_margin=&#8221;||||false|false&#8221; custom_padding=&#8221;||20px||false|false&#8221; hover_enabled=&#8221;0&#8243; custom_css_main_element=&#8221;overflow: hidden;&#8221; border_radii=&#8221;on|30px|30px|30px|30px&#8221; border_width_all=&#8221;2px&#8221; border_color_all=&#8221;#d8d8d8&#8243; border_width_bottom_image=&#8221;2px&#8221; border_color_bottom_image=&#8221;#d8d8d8&#8243; global_colors_info=&#8221;{}&#8221; sticky_enabled=&#8221;0&#8243;][\/et_pb_blurb][\/et_pb_column][et_pb_column type=&#8221;1_3&#8243; _builder_version=&#8221;4.27.5&#8243; _module_preset=&#8221;default&#8221; global_colors_info=&#8221;{}&#8221;][et_pb_blurb title=&#8221;Prognoza i archiwa&#8221; url=&#8221;https:\/\/www.meteoblue.com\/pl\/pogoda\/tydzie%C5%84\/warszawa_polska_756135&#8243; url_new_window=&#8221;on&#8221; image=&#8221;https:\/\/jureknawrocki.com\/wp-content\/uploads\/Screenshot-2026-03-06-085212.jpg&#8221; _builder_version=&#8221;4.27.5&#8243; _module_preset=&#8221;default&#8221; background_color=&#8221;#F2F0EB&#8221; text_orientation=&#8221;center&#8221; custom_margin=&#8221;||||false|false&#8221; custom_padding=&#8221;||20px||false|false&#8221; hover_enabled=&#8221;0&#8243; custom_css_main_element=&#8221;overflow: hidden;&#8221; border_radii=&#8221;on|30px|30px|30px|30px&#8221; border_width_all=&#8221;2px&#8221; border_color_all=&#8221;#d8d8d8&#8243; border_width_bottom_image=&#8221;2px&#8221; border_color_bottom_image=&#8221;#d8d8d8&#8243; global_colors_info=&#8221;{}&#8221; title_text=&#8221;Screenshot 2026-03-06 085212&#8243; sticky_enabled=&#8221;0&#8243;][\/et_pb_blurb][\/et_pb_column][et_pb_column type=&#8221;1_3&#8243; _builder_version=&#8221;4.27.5&#8243; _module_preset=&#8221;default&#8221; global_colors_info=&#8221;{}&#8221;][\/et_pb_column][\/et_pb_row][\/et_pb_section]<\/p>\n","protected":false},"excerpt":{"rendered":"<p>Useful links<\/p>","protected":false},"author":2,"featured_media":0,"parent":0,"menu_order":0,"comment_status":"closed","ping_status":"closed","template":"","meta":{"_et_pb_use_builder":"on","_et_pb_old_content":"","_et_gb_content_width":"","footnotes":""},"class_list":["post-2195","page","type-page","status-publish","hentry"],"yoast_head":"<!-- This site is optimized with the Yoast SEO plugin v27.6 - https:\/\/yoast.com\/product\/yoast-seo-wordpress\/ -->\n<title>Przydatne linki - Jerzy Nawrocki<\/title>\n<meta name=\"robots\" content=\"index, follow, max-snippet:-1, max-image-preview:large, max-video-preview:-1\" \/>\n<link rel=\"canonical\" href=\"https:\/\/jureknawrocki.com\/en\/przydatne-linki\/\" \/>\n<meta property=\"og:locale\" content=\"en_GB\" \/>\n<meta property=\"og:type\" content=\"article\" \/>\n<meta property=\"og:title\" content=\"Przydatne linki - Jerzy Nawrocki\" \/>\n<meta property=\"og:description\" content=\"Przydatne linki\" \/>\n<meta property=\"og:url\" content=\"https:\/\/jureknawrocki.com\/en\/przydatne-linki\/\" \/>\n<meta property=\"og:site_name\" content=\"Jerzy Nawrocki\" \/>\n<meta property=\"article:modified_time\" content=\"2026-03-06T07:52:59+00:00\" \/>\n<meta name=\"twitter:card\" content=\"summary_large_image\" \/>\n<meta name=\"twitter:label1\" content=\"Estimated reading time\" \/>\n\t<meta name=\"twitter:data1\" content=\"2 minutes\" \/>\n<script type=\"application\/ld+json\" class=\"yoast-schema-graph\">{\"@context\":\"https:\\\/\\\/schema.org\",\"@graph\":[{\"@type\":\"WebPage\",\"@id\":\"https:\\\/\\\/jureknawrocki.com\\\/przydatne-linki\\\/\",\"url\":\"https:\\\/\\\/jureknawrocki.com\\\/przydatne-linki\\\/\",\"name\":\"Przydatne linki - Jerzy Nawrocki\",\"isPartOf\":{\"@id\":\"https:\\\/\\\/jureknawrocki.com\\\/#website\"},\"datePublished\":\"2024-02-29T18:35:33+00:00\",\"dateModified\":\"2026-03-06T07:52:59+00:00\",\"breadcrumb\":{\"@id\":\"https:\\\/\\\/jureknawrocki.com\\\/przydatne-linki\\\/#breadcrumb\"},\"inLanguage\":\"en-GB\",\"potentialAction\":[{\"@type\":\"ReadAction\",\"target\":[\"https:\\\/\\\/jureknawrocki.com\\\/przydatne-linki\\\/\"]}]},{\"@type\":\"BreadcrumbList\",\"@id\":\"https:\\\/\\\/jureknawrocki.com\\\/przydatne-linki\\\/#breadcrumb\",\"itemListElement\":[{\"@type\":\"ListItem\",\"position\":1,\"name\":\"Home\",\"item\":\"https:\\\/\\\/jureknawrocki.com\\\/\"},{\"@type\":\"ListItem\",\"position\":2,\"name\":\"Przydatne linki\"}]},{\"@type\":\"WebSite\",\"@id\":\"https:\\\/\\\/jureknawrocki.com\\\/#website\",\"url\":\"https:\\\/\\\/jureknawrocki.com\\\/\",\"name\":\"Jerzy Nawrocki\",\"description\":\"dr in\u017c., Rzeczoznawca Izby In\u017cynier\u00f3w, SIMP, NOT || Ruroci\u0105gi i aparaty ci\u015bnieniowe || Uprawnienia budowalne HVAC i Gaz || Spawalnictwo IWE&amp;I || Certyfikat LE w\\\/g EN 13313-Ch\u0142odnictwo i Pompy ciep\u0142a\",\"publisher\":{\"@id\":\"https:\\\/\\\/jureknawrocki.com\\\/#organization\"},\"potentialAction\":[{\"@type\":\"SearchAction\",\"target\":{\"@type\":\"EntryPoint\",\"urlTemplate\":\"https:\\\/\\\/jureknawrocki.com\\\/?s={search_term_string}\"},\"query-input\":{\"@type\":\"PropertyValueSpecification\",\"valueRequired\":true,\"valueName\":\"search_term_string\"}}],\"inLanguage\":\"en-GB\"},{\"@type\":\"Organization\",\"@id\":\"https:\\\/\\\/jureknawrocki.com\\\/#organization\",\"name\":\"Jerzy Nawrocki\",\"url\":\"https:\\\/\\\/jureknawrocki.com\\\/\",\"logo\":{\"@type\":\"ImageObject\",\"inLanguage\":\"en-GB\",\"@id\":\"https:\\\/\\\/jureknawrocki.com\\\/#\\\/schema\\\/logo\\\/image\\\/\",\"url\":\"https:\\\/\\\/jureknawrocki.com\\\/wp-content\\\/uploads\\\/Jerzy-Nawrocki-favicon.webp\",\"contentUrl\":\"https:\\\/\\\/jureknawrocki.com\\\/wp-content\\\/uploads\\\/Jerzy-Nawrocki-favicon.webp\",\"width\":210,\"height\":211,\"caption\":\"Jerzy Nawrocki\"},\"image\":{\"@id\":\"https:\\\/\\\/jureknawrocki.com\\\/#\\\/schema\\\/logo\\\/image\\\/\"},\"sameAs\":[\"https:\\\/\\\/www.linkedin.com\\\/in\\\/jerzy-nawrocki-a41259105\\\/?locale=pl_PL\"]}]}<\/script>\n<!-- \/ Yoast SEO plugin. -->","yoast_head_json":{"title":"Przydatne linki - Jerzy Nawrocki","robots":{"index":"index","follow":"follow","max-snippet":"max-snippet:-1","max-image-preview":"max-image-preview:large","max-video-preview":"max-video-preview:-1"},"canonical":"https:\/\/jureknawrocki.com\/en\/przydatne-linki\/","og_locale":"en_GB","og_type":"article","og_title":"Przydatne linki - Jerzy Nawrocki","og_description":"Przydatne linki","og_url":"https:\/\/jureknawrocki.com\/en\/przydatne-linki\/","og_site_name":"Jerzy Nawrocki","article_modified_time":"2026-03-06T07:52:59+00:00","twitter_card":"summary_large_image","twitter_misc":{"Estimated reading time":"2 minutes"},"schema":{"@context":"https:\/\/schema.org","@graph":[{"@type":"WebPage","@id":"https:\/\/jureknawrocki.com\/przydatne-linki\/","url":"https:\/\/jureknawrocki.com\/przydatne-linki\/","name":"Przydatne linki - Jerzy Nawrocki","isPartOf":{"@id":"https:\/\/jureknawrocki.com\/#website"},"datePublished":"2024-02-29T18:35:33+00:00","dateModified":"2026-03-06T07:52:59+00:00","breadcrumb":{"@id":"https:\/\/jureknawrocki.com\/przydatne-linki\/#breadcrumb"},"inLanguage":"en-GB","potentialAction":[{"@type":"ReadAction","target":["https:\/\/jureknawrocki.com\/przydatne-linki\/"]}]},{"@type":"BreadcrumbList","@id":"https:\/\/jureknawrocki.com\/przydatne-linki\/#breadcrumb","itemListElement":[{"@type":"ListItem","position":1,"name":"Home","item":"https:\/\/jureknawrocki.com\/"},{"@type":"ListItem","position":2,"name":"Przydatne linki"}]},{"@type":"WebSite","@id":"https:\/\/jureknawrocki.com\/#website","url":"https:\/\/jureknawrocki.com\/","name":"Jerzy Nawrocki","description":"dr in\u017c., Rzeczoznawca Izby In\u017cynier\u00f3w, SIMP, NOT || Ruroci\u0105gi i aparaty ci\u015bnieniowe || Uprawnienia budowalne HVAC i Gaz || Spawalnictwo IWE&amp;I || Certyfikat LE w\/g EN 13313-Ch\u0142odnictwo i Pompy ciep\u0142a","publisher":{"@id":"https:\/\/jureknawrocki.com\/#organization"},"potentialAction":[{"@type":"SearchAction","target":{"@type":"EntryPoint","urlTemplate":"https:\/\/jureknawrocki.com\/?s={search_term_string}"},"query-input":{"@type":"PropertyValueSpecification","valueRequired":true,"valueName":"search_term_string"}}],"inLanguage":"en-GB"},{"@type":"Organization","@id":"https:\/\/jureknawrocki.com\/#organization","name":"Jerzy Nawrocki","url":"https:\/\/jureknawrocki.com\/","logo":{"@type":"ImageObject","inLanguage":"en-GB","@id":"https:\/\/jureknawrocki.com\/#\/schema\/logo\/image\/","url":"https:\/\/jureknawrocki.com\/wp-content\/uploads\/Jerzy-Nawrocki-favicon.webp","contentUrl":"https:\/\/jureknawrocki.com\/wp-content\/uploads\/Jerzy-Nawrocki-favicon.webp","width":210,"height":211,"caption":"Jerzy Nawrocki"},"image":{"@id":"https:\/\/jureknawrocki.com\/#\/schema\/logo\/image\/"},"sameAs":["https:\/\/www.linkedin.com\/in\/jerzy-nawrocki-a41259105\/?locale=pl_PL"]}]}},"_links":{"self":[{"href":"https:\/\/jureknawrocki.com\/en\/wp-json\/wp\/v2\/pages\/2195","targetHints":{"allow":["GET"]}}],"collection":[{"href":"https:\/\/jureknawrocki.com\/en\/wp-json\/wp\/v2\/pages"}],"about":[{"href":"https:\/\/jureknawrocki.com\/en\/wp-json\/wp\/v2\/types\/page"}],"author":[{"embeddable":true,"href":"https:\/\/jureknawrocki.com\/en\/wp-json\/wp\/v2\/users\/2"}],"replies":[{"embeddable":true,"href":"https:\/\/jureknawrocki.com\/en\/wp-json\/wp\/v2\/comments?post=2195"}],"version-history":[{"count":4,"href":"https:\/\/jureknawrocki.com\/en\/wp-json\/wp\/v2\/pages\/2195\/revisions"}],"predecessor-version":[{"id":3398,"href":"https:\/\/jureknawrocki.com\/en\/wp-json\/wp\/v2\/pages\/2195\/revisions\/3398"}],"wp:attachment":[{"href":"https:\/\/jureknawrocki.com\/en\/wp-json\/wp\/v2\/media?parent=2195"}],"curies":[{"name":"wp","href":"https:\/\/api.w.org\/{rel}","templated":true}]}}